{"id":45635,"date":"2024-01-22T11:48:19","date_gmt":"2024-01-22T11:48:19","guid":{"rendered":"http:\/\/dev2.atlatszo.exot.hu\/?page_id=45635"},"modified":"2025-02-18T13:33:00","modified_gmt":"2025-02-18T11:33:00","slug":"redactia-2","status":"publish","type":"page","link":"https:\/\/dev2.atlatszo.exot.hu\/ro\/redactia-2\/","title":{"rendered":"Redac\u0163ia"},"content":{"rendered":"\t\t<div data-elementor-type=\"wp-post\" data-elementor-id=\"45635\" class=\"elementor elementor-45635\">\n\t\t\t\t\t\t\t<div class=\"elementor-element elementor-element-b813ecb e-flex e-con-boxed e-con e-parent\" data-id=\"b813ecb\" data-element_type=\"container\" data-settings=\"{&quot;content_width&quot;:&quot;boxed&quot;}\" data-core-v316-plus=\"true\">\n\t\t\t\t\t<div class=\"e-con-inner\">\n\t\t\t\t<div class=\"elementor-element elementor-element-4fac354 elementor-widget elementor-widget-heading\" data-id=\"4fac354\" data-element_type=\"widget\" data-widget_type=\"heading.default\">\n\t\t\t\t<div class=\"elementor-widget-container\">\n\t\t\t<h2 class=\"elementor-heading-title elementor-size-default\">Redac\u021bia<\/h2>\t\t<\/div>\n\t\t\t\t<\/div>\n\t\t\t\t\t<\/div>\n\t\t\t\t<\/div>\n\t\t<div class=\"elementor-element elementor-element-de3c53f e-flex e-con-boxed e-con e-parent\" data-id=\"de3c53f\" data-element_type=\"container\" data-settings=\"{&quot;content_width&quot;:&quot;boxed&quot;}\" data-core-v316-plus=\"true\">\n\t\t\t\t\t<div class=\"e-con-inner\">\n\t\t<div class=\"elementor-element elementor-element-b84be7e e-flex e-con-boxed e-con e-child\" data-id=\"b84be7e\" data-element_type=\"container\" data-settings=\"{&quot;content_width&quot;:&quot;boxed&quot;}\">\n\t\t\t\t\t<div class=\"e-con-inner\">\n\t\t\t\t<div class=\"elementor-element elementor-element-dca9c1b elementor-widget elementor-widget-text-editor\" data-id=\"dca9c1b\" data-element_type=\"widget\" data-widget_type=\"text-editor.default\">\n\t\t\t\t<div class=\"elementor-widget-container\">\n\t\t\t\t\t\t\t<p><a href=\"mailto:boczheni@atlatszo.ro\">Henrietta Bocz<\/a>, jurnalist<\/p><p><a href=\"mailto:kulcsararpi@atlatszo.ro\">\u00c1rp\u00e1d Kulcs\u00e1r<\/a>, jurnalist<\/p><p><a href=\"editeva@atlatszo.ro\">Edit \u00c9va P\u00e1l<\/a>, redactor<\/p><p><a href=\"mailto:szabotunde@atlatszo.ro\">T\u00fcnde Szab\u00f3<\/a>, redactor<\/p><p><a href=\"mailto:sipos@atlatszo.ro\">Zolt\u00e1n Sipos<\/a>, redactor \u0219ef<\/p><p>Emese Czintos, secretar de redac\u021bie<\/p><p>Principiile noastre editoriale <a href=\"https:\/\/atlatszo.ro\/ro\/asa-lucram\/\">pot fi accesate aici<\/a>, procesul editorial este certificat de <a href=\"https:\/\/www.jti-app.com\/report\/AEYXxVLQ8PeG7gpM\">Journalism Trust Initiative (JTI)<\/a>.<\/p>\t\t\t\t\t\t<\/div>\n\t\t\t\t<\/div>\n\t\t\t\t\t<\/div>\n\t\t\t\t<\/div>\n\t\t\t\t\t<\/div>\n\t\t\t\t<\/div>\n\t\t\t\t\t\t\t<\/div>\n\t\t","protected":false},"excerpt":{"rendered":"<p>Redac\u021bia Henrietta Bocz, jurnalist \u00c1rp\u00e1d Kulcs\u00e1r, jurnalist Edit \u00c9va P\u00e1l, redactor T\u00fcnde Szab\u00f3, redactor Zolt\u00e1n Sipos, redactor \u0219ef Emese Czintos, secretar de redac\u021bie Principiile noastre editoriale pot fi accesate aici, procesul editorial este certificat de Journalism Trust Initiative (JTI).<\/p>\n","protected":false},"author":5,"featured_media":0,"parent":0,"menu_order":0,"comment_status":"closed","ping_status":"closed","template":"elementor_header_footer","meta":{"footnotes":""},"ppma_author":[2991],"yoast_head":"<!-- This site is optimized with the Yoast SEO plugin v21.5 - https:\/\/yoast.com\/wordpress\/plugins\/seo\/ -->\n<title>Redac\u0163ia - \u00c1tl\u00e1tsz\u00f3 Erd\u00e9ly<\/title>\n<meta name=\"description\" content=\"Redac\u0163ia, parteneri, datele de contact ai editurii \u015fi oferta media.\" \/>\n<meta name=\"robots\" content=\"index, follow, max-snippet:-1, max-image-preview:large, max-video-preview:-1\" \/>\n<link rel=\"canonical\" href=\"https:\/\/dev2.atlatszo.exot.hu\/ro\/redactia-2\/\" \/>\n<meta property=\"og:locale\" content=\"ro_RO\" \/>\n<meta property=\"og:type\" content=\"article\" \/>\n<meta property=\"og:title\" content=\"Redac\u0163ia - \u00c1tl\u00e1tsz\u00f3 Erd\u00e9ly\" \/>\n<meta property=\"og:description\" content=\"Redac\u0163ia, parteneri, datele de contact ai editurii \u015fi oferta media.\" \/>\n<meta property=\"og:url\" content=\"https:\/\/dev2.atlatszo.exot.hu\/ro\/redactia-2\/\" \/>\n<meta property=\"og:site_name\" content=\"\u00c1tl\u00e1tsz\u00f3 Erd\u00e9ly\" \/>\n<meta property=\"article:publisher\" content=\"https:\/\/www.facebook.com\/atlatszoerdely\/\" \/>\n<meta property=\"article:modified_time\" content=\"2025-02-18T11:33:00+00:00\" \/>\n<meta name=\"twitter:card\" content=\"summary_large_image\" \/>\n<meta name=\"twitter:site\" content=\"@erdely_atlatszo\" \/>\n<script type=\"application\/ld+json\" class=\"yoast-schema-graph\">{\"@context\":\"https:\/\/schema.org\",\"@graph\":[{\"@type\":\"WebPage\",\"@id\":\"https:\/\/dev2.atlatszo.exot.hu\/ro\/redactia-2\/\",\"url\":\"https:\/\/dev2.atlatszo.exot.hu\/ro\/redactia-2\/\",\"name\":\"Redac\u0163ia - \u00c1tl\u00e1tsz\u00f3 Erd\u00e9ly\",\"isPartOf\":{\"@id\":\"https:\/\/dev2.atlatszo.exot.hu\/#website\"},\"datePublished\":\"2024-01-22T11:48:19+00:00\",\"dateModified\":\"2025-02-18T11:33:00+00:00\",\"description\":\"Redac\u0163ia, parteneri, datele de contact ai editurii \u015fi oferta media.\",\"breadcrumb\":{\"@id\":\"https:\/\/dev2.atlatszo.exot.hu\/ro\/redactia-2\/#breadcrumb\"},\"inLanguage\":\"ro-RO\",\"potentialAction\":[{\"@type\":\"ReadAction\",\"target\":[\"https:\/\/dev2.atlatszo.exot.hu\/ro\/redactia-2\/\"]}]},{\"@type\":\"BreadcrumbList\",\"@id\":\"https:\/\/dev2.atlatszo.exot.hu\/ro\/redactia-2\/#breadcrumb\",\"itemListElement\":[{\"@type\":\"ListItem\",\"position\":1,\"name\":\"Home\",\"item\":\"https:\/\/dev2.atlatszo.exot.hu\/ro\/\"},{\"@type\":\"ListItem\",\"position\":2,\"name\":\"Redac\u0163ia\"}]},{\"@type\":\"WebSite\",\"@id\":\"https:\/\/dev2.atlatszo.exot.hu\/#website\",\"url\":\"https:\/\/dev2.atlatszo.exot.hu\/\",\"name\":\"\u00c1tl\u00e1tsz\u00f3 Erd\u00e9ly\",\"description\":\"\u00c1tl\u00e1tsz\u00f3 Erd\u00e9ly\",\"publisher\":{\"@id\":\"https:\/\/dev2.atlatszo.exot.hu\/#organization\"},\"potentialAction\":[{\"@type\":\"SearchAction\",\"target\":{\"@type\":\"EntryPoint\",\"urlTemplate\":\"https:\/\/dev2.atlatszo.exot.hu\/?s={search_term_string}\"},\"query-input\":\"required name=search_term_string\"}],\"inLanguage\":\"ro-RO\"},{\"@type\":\"Organization\",\"@id\":\"https:\/\/dev2.atlatszo.exot.hu\/#organization\",\"name\":\"\u00c1tl\u00e1tsz\u00f3 Erd\u00e9ly\",\"url\":\"https:\/\/dev2.atlatszo.exot.hu\/\",\"logo\":{\"@type\":\"ImageObject\",\"inLanguage\":\"ro-RO\",\"@id\":\"https:\/\/dev2.atlatszo.exot.hu\/#\/schema\/logo\/image\/\",\"url\":\"https:\/\/atlatszo.ro\/wp-content\/uploads\/2022\/06\/logo-atlatszo.png\",\"contentUrl\":\"https:\/\/atlatszo.ro\/wp-content\/uploads\/2022\/06\/logo-atlatszo.png\",\"width\":270,\"height\":104,\"caption\":\"\u00c1tl\u00e1tsz\u00f3 Erd\u00e9ly\"},\"image\":{\"@id\":\"https:\/\/dev2.atlatszo.exot.hu\/#\/schema\/logo\/image\/\"},\"sameAs\":[\"https:\/\/www.facebook.com\/atlatszoerdely\/\",\"https:\/\/twitter.com\/erdely_atlatszo\",\"https:\/\/www.instagram.com\/atlatszo_erdely\/\",\"https:\/\/www.youtube.com\/channel\/UC6lunfqCrLA0aDAjt1--TKg\"]}]}<\/script>\n<!-- \/ Yoast SEO plugin. -->","yoast_head_json":{"title":"Redac\u0163ia - \u00c1tl\u00e1tsz\u00f3 Erd\u00e9ly","description":"Redac\u0163ia, parteneri, datele de contact ai editurii \u015fi oferta media.","robots":{"index":"index","follow":"follow","max-snippet":"max-snippet:-1","max-image-preview":"max-image-preview:large","max-video-preview":"max-video-preview:-1"},"canonical":"https:\/\/dev2.atlatszo.exot.hu\/ro\/redactia-2\/","og_locale":"ro_RO","og_type":"article","og_title":"Redac\u0163ia - \u00c1tl\u00e1tsz\u00f3 Erd\u00e9ly","og_description":"Redac\u0163ia, parteneri, datele de contact ai editurii \u015fi oferta media.","og_url":"https:\/\/dev2.atlatszo.exot.hu\/ro\/redactia-2\/","og_site_name":"\u00c1tl\u00e1tsz\u00f3 Erd\u00e9ly","article_publisher":"https:\/\/www.facebook.com\/atlatszoerdely\/","article_modified_time":"2025-02-18T11:33:00+00:00","twitter_card":"summary_large_image","twitter_site":"@erdely_atlatszo","schema":{"@context":"https:\/\/schema.org","@graph":[{"@type":"WebPage","@id":"https:\/\/dev2.atlatszo.exot.hu\/ro\/redactia-2\/","url":"https:\/\/dev2.atlatszo.exot.hu\/ro\/redactia-2\/","name":"Redac\u0163ia - \u00c1tl\u00e1tsz\u00f3 Erd\u00e9ly","isPartOf":{"@id":"https:\/\/dev2.atlatszo.exot.hu\/#website"},"datePublished":"2024-01-22T11:48:19+00:00","dateModified":"2025-02-18T11:33:00+00:00","description":"Redac\u0163ia, parteneri, datele de contact ai editurii \u015fi oferta media.","breadcrumb":{"@id":"https:\/\/dev2.atlatszo.exot.hu\/ro\/redactia-2\/#breadcrumb"},"inLanguage":"ro-RO","potentialAction":[{"@type":"ReadAction","target":["https:\/\/dev2.atlatszo.exot.hu\/ro\/redactia-2\/"]}]},{"@type":"BreadcrumbList","@id":"https:\/\/dev2.atlatszo.exot.hu\/ro\/redactia-2\/#breadcrumb","itemListElement":[{"@type":"ListItem","position":1,"name":"Home","item":"https:\/\/dev2.atlatszo.exot.hu\/ro\/"},{"@type":"ListItem","position":2,"name":"Redac\u0163ia"}]},{"@type":"WebSite","@id":"https:\/\/dev2.atlatszo.exot.hu\/#website","url":"https:\/\/dev2.atlatszo.exot.hu\/","name":"\u00c1tl\u00e1tsz\u00f3 Erd\u00e9ly","description":"\u00c1tl\u00e1tsz\u00f3 Erd\u00e9ly","publisher":{"@id":"https:\/\/dev2.atlatszo.exot.hu\/#organization"},"potentialAction":[{"@type":"SearchAction","target":{"@type":"EntryPoint","urlTemplate":"https:\/\/dev2.atlatszo.exot.hu\/?s={search_term_string}"},"query-input":"required name=search_term_string"}],"inLanguage":"ro-RO"},{"@type":"Organization","@id":"https:\/\/dev2.atlatszo.exot.hu\/#organization","name":"\u00c1tl\u00e1tsz\u00f3 Erd\u00e9ly","url":"https:\/\/dev2.atlatszo.exot.hu\/","logo":{"@type":"ImageObject","inLanguage":"ro-RO","@id":"https:\/\/dev2.atlatszo.exot.hu\/#\/schema\/logo\/image\/","url":"https:\/\/atlatszo.ro\/wp-content\/uploads\/2022\/06\/logo-atlatszo.png","contentUrl":"https:\/\/atlatszo.ro\/wp-content\/uploads\/2022\/06\/logo-atlatszo.png","width":270,"height":104,"caption":"\u00c1tl\u00e1tsz\u00f3 Erd\u00e9ly"},"image":{"@id":"https:\/\/dev2.atlatszo.exot.hu\/#\/schema\/logo\/image\/"},"sameAs":["https:\/\/www.facebook.com\/atlatszoerdely\/","https:\/\/twitter.com\/erdely_atlatszo","https:\/\/www.instagram.com\/atlatszo_erdely\/","https:\/\/www.youtube.com\/channel\/UC6lunfqCrLA0aDAjt1--TKg"]}]}},"_links":{"self":[{"href":"https:\/\/dev2.atlatszo.exot.hu\/ro\/wp-json\/wp\/v2\/pages\/45635"}],"collection":[{"href":"https:\/\/dev2.atlatszo.exot.hu\/ro\/wp-json\/wp\/v2\/pages"}],"about":[{"href":"https:\/\/dev2.atlatszo.exot.hu\/ro\/wp-json\/wp\/v2\/types\/page"}],"author":[{"embeddable":true,"href":"https:\/\/dev2.atlatszo.exot.hu\/ro\/wp-json\/wp\/v2\/users\/5"}],"replies":[{"embeddable":true,"href":"https:\/\/dev2.atlatszo.exot.hu\/ro\/wp-json\/wp\/v2\/comments?post=45635"}],"version-history":[{"count":16,"href":"https:\/\/dev2.atlatszo.exot.hu\/ro\/wp-json\/wp\/v2\/pages\/45635\/revisions"}],"predecessor-version":[{"id":53768,"href":"https:\/\/dev2.atlatszo.exot.hu\/ro\/wp-json\/wp\/v2\/pages\/45635\/revisions\/53768"}],"wp:attachment":[{"href":"https:\/\/dev2.atlatszo.exot.hu\/ro\/wp-json\/wp\/v2\/media?parent=45635"}],"wp:term":[{"taxonomy":"author","embeddable":true,"href":"https:\/\/dev2.atlatszo.exot.hu\/ro\/wp-json\/wp\/v2\/ppma_author?post=45635"}],"curies":[{"name":"wp","href":"https:\/\/api.w.org\/{rel}","templated":true}]}}