{"id":26347,"date":"2019-03-14T12:57:22","date_gmt":"2019-03-14T12:57:22","guid":{"rendered":"http:\/\/dev2.atlatszo.exot.hu\/informare-privind-politica-de-confidentialitate\/"},"modified":"2023-12-14T17:28:50","modified_gmt":"2023-12-14T17:28:50","slug":"informare-privind-politica-de-confidentialitate","status":"publish","type":"page","link":"https:\/\/dev2.atlatszo.exot.hu\/ro\/informare-privind-politica-de-confidentialitate\/","title":{"rendered":"Informa\u021bii privind prelucrarea datelor cu caracter personal"},"content":{"rendered":"\t\t<div data-elementor-type=\"wp-page\" data-elementor-id=\"26347\" class=\"elementor elementor-26347 elementor-6481\">\n\t\t\t\t\t\t\t<div class=\"elementor-element elementor-element-7f2d5a09 e-flex e-con-boxed e-con e-parent\" data-id=\"7f2d5a09\" data-element_type=\"container\" data-settings=\"{&quot;content_width&quot;:&quot;boxed&quot;}\" data-core-v316-plus=\"true\">\n\t\t\t\t\t<div class=\"e-con-inner\">\n\t\t\t\t<div class=\"elementor-element elementor-element-7084075c elementor-widget elementor-widget-heading\" data-id=\"7084075c\" data-element_type=\"widget\" data-widget_type=\"heading.default\">\n\t\t\t\t<div class=\"elementor-widget-container\">\n\t\t\t<h2 class=\"elementor-heading-title elementor-size-default\">INFORMA\u021aII PRIVIND PRELUCRAREA DATELOR CU CARACTER PERSONAL<\/h2>\t\t<\/div>\n\t\t\t\t<\/div>\n\t\t\t\t\t<\/div>\n\t\t\t\t<\/div>\n\t\t<div class=\"elementor-element elementor-element-6e180cf9 e-flex e-con-boxed e-con e-parent\" data-id=\"6e180cf9\" data-element_type=\"container\" data-settings=\"{&quot;content_width&quot;:&quot;boxed&quot;}\" data-core-v316-plus=\"true\">\n\t\t\t\t\t<div class=\"e-con-inner\">\n\t\t<div class=\"elementor-element elementor-element-a38fa98 e-con-full e-flex e-con e-child\" data-id=\"a38fa98\" data-element_type=\"container\" data-settings=\"{&quot;content_width&quot;:&quot;full&quot;}\">\n\t\t\t\t<div class=\"elementor-element elementor-element-7d2101a6 how-we-work-text elementor-widget elementor-widget-text-editor\" data-id=\"7d2101a6\" data-element_type=\"widget\" data-widget_type=\"text-editor.default\">\n\t\t\t\t<div class=\"elementor-widget-container\">\n\t\t\t\t\t\t\t<p class=\"western\" lang=\"hu-HU\"><span lang=\"ro-RO\">Mai jos g\u0103si\u021bi informa\u021bii importante despre prelucrarea datelor Dumneavoastr\u0103 cu caracter personal \u00een sistemul de eviden\u021ba dona\u021biilor primite \u0219i \u00een serviciul de newsletter al jurnalului\u00a0<\/span>\u00c1tl\u00e1tsz\u00f3 Erd\u00e9ly (<a href=\"https:\/\/atlatszo.ro\/\" target=\"_blank\" rel=\"noopener noreferrer\">atlatszo.ro<\/a>)<span lang=\"ro-RO\">.<\/span><\/p><p class=\"western\" lang=\"hu-HU\"><span lang=\"ro-RO\">Avem nevoie de date cu caracter personal \u00een sistemul de eviden\u021ba dona\u021biilor primite \u0219i \u00een serviciul de newsletter pentru a-i putea contacta \u00een viitor pe cititorii no\u0219tri, respectiv pe cei care ne-au sus\u021binut munca prin dona\u021bii. Aici am dori s\u0103 oferim informa\u021bii despre drepturile legate de aceste date.<\/span><\/p><h2 class=\"western\" lang=\"hu-HU\"><span lang=\"ro-RO\"><b>Cine prelucreaz\u0103 datele cu caracter personal? Care sunt m\u0103surile de siguran\u021b\u0103 aplicate?<\/b><\/span><\/h2><p class=\"western\" lang=\"hu-HU\"><span lang=\"ro-RO\">Toate datele pe care le \u00eenregistr\u0103m sunt prelucrate de c\u0103tre Asocia\u021bia\u00a0<\/span>\u00c1tl\u00e1tsz\u00f3 Erd\u00e9ly<span lang=\"ro-RO\">, av\u00e2nd sediul pe Str. Petuniei, nr. 9, ap. 52, 400316 Cluj, reprezentat legal de c\u0103tre pre\u0219edintele\u00a0<\/span>Sipos L\u00e1szl\u00f3 Zolt\u00e1n,\u00a0<span lang=\"ro-RO\">adres\u0103 de contact\u00a0<a href=\"mailto:erdely@atlatszo.ro\" target=\"_blank\" rel=\"noopener noreferrer\">erdely@atlatszo.ro<\/a><\/span><u><\/u><span lang=\"ro-RO\">, num\u0103r de telefon 0040 740 530 070.<\/span><\/p><p class=\"western\" lang=\"hu-HU\"><span lang=\"ro-RO\">Datele cu caracter personal care nu sunt publicate pe pagina\u00a0<\/span>\u00c1tl\u00e1tsz\u00f3 Erd\u00e9ly<span lang=\"ro-RO\">\u00a0(atlatszo.ro) sunt prelucrate de c\u0103tre asocia\u021bia noastr\u0103 \u00eentr-un sistem informatic protejat cu parol\u0103 \u0219i criptare. Prelucrarea datelor se realizeaz\u0103 \u00een sistemul informatic MailChimp.<\/span><\/p><p class=\"western\" lang=\"hu-HU\"><span lang=\"ro-RO\">La datele prelucrate au acces exclusiv\u00a0<\/span><span lang=\"ro-RO\">angaja\u0163ii<\/span><span lang=\"ro-RO\">\u00a0\u00een pozi\u021bie de conducere \u0219i angaja\u021bii care au responsabilitatea special\u0103 de a gestiona \u0219i a prelucra aceste date.<\/span><\/p><p class=\"western\" lang=\"hu-HU\"><span lang=\"ro-RO\">Datele Dumneavoastr\u0103 vor fi prelucrate \u00een conformitate cu regulamentul 2016\/679 al Parlamentului European \u0219i al Consiliului din 17 aprilie 2016 privind protec\u021bia persoanelor fizice \u00een ceea ce prive\u0219te prelucrarea datelor cu caracter personal \u0219i privind libera circula\u021bie a acestor date \u0219i de abrogare a Directivei 95\/46\/CE (GDPR), respectiv cu\u00a0<a href=\"https:\/\/www.dataprotection.ro\/servlet\/ViewDocument?id=1262\" target=\"_blank\" rel=\"noopener noreferrer\">Ordonan\u021ba General\u0103 de protec\u021bia datelor 679\/2016<\/a>.<\/span><\/p><h2 class=\"western\" lang=\"hu-HU\"><span lang=\"ro-RO\"><b>Cum pute\u021bi accesa informa\u021biile privind datele Dumneavoastr\u0103 cu caracter personal \u0219i cum pute\u021bi comunica solicit\u0103rile legate de ele?<\/b><\/span><\/h2><p class=\"western\" lang=\"hu-HU\"><span lang=\"ro-RO\">Pute\u021bi solicita informa\u021bii legate de felul datelor cu caracter personal pe care le prelucr\u0103m, respectiv scopul \u0219i metodele prelucr\u0103rii. De asemenea, pute\u021bi solicita o copie a datelor Dumneavoastr\u0103 pe care le prelucr\u0103m. Copia dup\u0103 datele cu caracter personal va fi eliberat\u0103 la solicitarea Dumneavoastr\u0103, \u00een format structurat, utilizat pe scal\u0103 larg\u0103, interoperabil, care permite prelucrarea mecanic\u0103. Putem r\u0103spunde la solicitarea Dumneavoastr\u0103 \u00een aceast\u0103 privin\u021b\u0103 \u00een mod gratuit.<\/span><\/p><p class=\"western\" lang=\"hu-HU\"><span lang=\"ro-RO\">Exercitarea drepturilor de dispozi\u021bie \u0219i de acces poate fi asigurat\u0103 doar dup\u0103 identificare prealabil\u0103, tocmai pentru protec\u021bia datelor cu caracter personal. De aceea, v\u0103 rug\u0103m s\u0103 comunica\u021bi cererile, declara\u021biile \u0219i reclama\u021biile privind prelucrarea datelor cu caracter personal la adresa\u00a0<a href=\"mailto:erdely@atlatszo.ro\" target=\"_blank\" rel=\"noopener noreferrer\">erdely@atlatszo.ro<\/a><\/span><u><\/u><span lang=\"ro-RO\">\u00a0folosind adresa e-mail pe care a\u021bi specificat-o \u00een sistemul de eviden\u021ba dona\u021biilor \u0219i serviciul newsletter\u00a0<\/span>\u00c1tl\u00e1tsz\u00f3 Erd\u00e9ly.\u00a0<span lang=\"ro-RO\">\u00cen caz contrar, pentru exercitarea acestor drepturi va fi nevoie de verificarea identit\u0103\u021bii Dumneavoastr\u0103. De asemenea, v\u0103 rug\u0103m s\u0103 trimite\u021bi sugestiile legate de prelucrarea datelor cu caracter personal tot la adresa\u00a0<a href=\"mailto:erdely@atlatszo.ro\" target=\"_blank\" rel=\"noopener noreferrer\">erdely@atlatszo.ro<\/a><\/span><u><\/u><span lang=\"ro-RO\">.<\/span><\/p><p class=\"western\" lang=\"hu-HU\"><span lang=\"ro-RO\">Pl\u00e2ngerile legate de gestionarea ilicit\u0103 a datelor cu caracter personal \u0219i de dreptul de autodeterminare pot fi depuse la Tribunalul Cluj, Calea Doroban\u021bilor nr. 2-4, 400117 Cluj, la tribunalul competent \u00een func\u021bie de domiciliul Dumneavoastr\u0103 sau la Autoritatea Na\u0163ional\u0103 de Supraveghere a Prelucr\u0103rii Datelor cu Caracter Personal, Bulevardul G-ral Gheorghe Magheru, nr. 28-30, Sector 1, 010336 Bucure\u0219ti,\u00a0<a href=\"http:\/\/dataprotection.eu\/\" target=\"_blank\" rel=\"noopener noreferrer\">dataprotection.eu<\/a>.<\/span><\/p><h2 class=\"western\" lang=\"hu-HU\"><span lang=\"ro-RO\"><b>Care sunt datele pe care le \u00eenregistr\u0103m dac\u0103 cineva ofer\u0103 o dona\u021bie sau se \u00eenscrie la newsletter? De ce prelucr\u0103m aceste date?<\/b><\/span><\/h2><p class=\"western\" lang=\"hu-HU\"><span lang=\"ro-RO\">\u00cen cazul \u00een care cineva ne sus\u021bine munca printr-o dona\u021bie, \u00eenregistr\u0103m numele lui. Dac\u0103 aceast\u0103 contribu\u021bie este transferat\u0103 prin PayPal sau prin EuPl\u0103tesc, \u00eenregistr\u0103m de asemenea adresa e-mail. \u00cen cazul serviciului newsletter, datele \u00eenregistrate sunt tot numele \u0219i adresa e-mail. Scopul prelucr\u0103rii acestor date este trimite<\/span><span lang=\"ro-RO\">rea unui\u00a0<\/span><span lang=\"ro-RO\">un mesaj de mul\u021bumire \u0219i\u00a0<\/span><span lang=\"ro-RO\">trimiterea periodic\u0103 a unor\u00a0<\/span><span lang=\"ro-RO\">informa\u021bii despre munca noastr\u0103.<\/span><\/p><h2 class=\"western\" lang=\"hu-HU\"><span lang=\"ro-RO\"><b>Cine are acces la datele cu caracter personal ale persoanelor care ofer\u0103 o dona\u021bie \u0219i \/ sau se \u00eenscrie la newsletter?<\/b><\/span><\/h2><p class=\"western\" lang=\"hu-HU\"><span lang=\"ro-RO\">Aceste date de contact (numele \u0219i adresa e-mail) pe care le prelucr\u0103m \u00een cazul persoanelor care ne sus\u021bin prin dona\u021bii sau se \u00eenscriu la newsletter nu vor fi accesibile altor p\u0103r\u021bi. Excep\u021bie fac urm\u0103toarele cazuri: 1. Dumneavoastr\u0103 da\u021bi acordul explicit prealabil, \u0219i \/ sau 2. \u00cendeplinim ni\u0219te obliga\u021bii legale prev\u0103zute de proceduri administrative sau juridice.<\/span><\/p><h2 class=\"western\" lang=\"hu-HU\"><span lang=\"ro-RO\"><b>Pentru c\u00e2t timp r\u0103m\u00e2n datele cu caracter personal \u00een sistemul de prelucrare?<\/b><\/span><\/h2><p class=\"western\" lang=\"hu-HU\"><span lang=\"ro-RO\">Datele persoanelor care ne sus\u021bin prin dona\u021bii sau se \u00eenscriu la serviciul newsletter vor fi p\u0103strate \u0219i prelucrate p\u00e2n\u0103 retragerea acordului.<\/span><\/p><h2 class=\"western\" lang=\"hu-HU\"><span lang=\"ro-RO\"><b>Pot s\u0103 solicit eliminarea sau modificarea datelor cu caracter personal, respectiv limitarea prelucr\u0103rii acestora?<\/b><\/span><\/h2><p class=\"western\" lang=\"hu-HU\"><span lang=\"ro-RO\">Cei care ne sus\u021bin prin dona\u021bii sau sunt \u00eenscri\u0219i la newsletter au oric\u00e2nd posibilitatea s\u0103-\u0219i retrag\u0103 acordul dat pentru prelucrarea datelor de contact. De asemenea, pute\u021bi cere \u0219i limitarea prelucr\u0103rii datelor. \u00cen astfel de cazuri datele respective vor fi eliminate din sistemul nostru f\u0103r\u0103 \u00eent\u00e2rziere.<\/span><\/p><p class=\"western\" lang=\"hu-HU\"><span lang=\"ro-RO\">Dac\u0103 datele au fost \u00eenregistrate gre\u0219it sau apar schimb\u0103ri, bine\u00een\u021beles pute\u021bi solicita modificarea acestora.<\/span><\/p>\t\t\t\t\t\t<\/div>\n\t\t\t\t<\/div>\n\t\t\t\t<\/div>\n\t\t\t\t\t<\/div>\n\t\t\t\t<\/div>\n\t\t\t\t\t\t\t<\/div>\n\t\t","protected":false},"excerpt":{"rendered":"<p>INFORMA\u021aII PRIVIND PRELUCRAREA DATELOR CU CARACTER PERSONAL Mai jos g\u0103si\u021bi informa\u021bii importante despre prelucrarea datelor Dumneavoastr\u0103 cu caracter personal \u00een sistemul de eviden\u021ba dona\u021biilor primite \u0219i \u00een serviciul de newsletter al jurnalului\u00a0\u00c1tl\u00e1tsz\u00f3 Erd\u00e9ly (atlatszo.ro). Avem nevoie de date cu caracter personal \u00een sistemul de eviden\u021ba dona\u021biilor primite \u0219i \u00een serviciul de newsletter pentru a-i putea [&hellip;]<\/p>\n","protected":false},"author":5,"featured_media":0,"parent":0,"menu_order":0,"comment_status":"closed","ping_status":"closed","template":"elementor_header_footer","meta":{"footnotes":""},"ppma_author":[2991],"yoast_head":"<!-- This site is optimized with the Yoast SEO plugin v21.5 - https:\/\/yoast.com\/wordpress\/plugins\/seo\/ -->\n<title>Informa\u021bii privind prelucrarea datelor cu caracter personal - \u00c1tl\u00e1tsz\u00f3 Erd\u00e9ly<\/title>\n<meta name=\"description\" content=\"Informa\u021bii importante despre prelucrarea datelor cu caracter personal \u00een sistemul de eviden\u021ba dona\u021biilor primite \u0219i \u00een serviciul de newsletter al jurnalului \u00c1tl\u00e1tsz\u00f3 Erd\u00e9ly.\" \/>\n<meta name=\"robots\" content=\"index, follow, max-snippet:-1, max-image-preview:large, max-video-preview:-1\" \/>\n<link rel=\"canonical\" href=\"https:\/\/dev2.atlatszo.exot.hu\/ro\/informare-privind-politica-de-confidentialitate\/\" \/>\n<meta property=\"og:locale\" content=\"ro_RO\" \/>\n<meta property=\"og:type\" content=\"article\" \/>\n<meta property=\"og:title\" content=\"Informa\u021bii privind prelucrarea datelor cu caracter personal - \u00c1tl\u00e1tsz\u00f3 Erd\u00e9ly\" \/>\n<meta property=\"og:description\" content=\"Informa\u021bii importante despre prelucrarea datelor cu caracter personal \u00een sistemul de eviden\u021ba dona\u021biilor primite \u0219i \u00een serviciul de newsletter al jurnalului \u00c1tl\u00e1tsz\u00f3 Erd\u00e9ly.\" \/>\n<meta property=\"og:url\" content=\"https:\/\/dev2.atlatszo.exot.hu\/ro\/informare-privind-politica-de-confidentialitate\/\" \/>\n<meta property=\"og:site_name\" content=\"\u00c1tl\u00e1tsz\u00f3 Erd\u00e9ly\" \/>\n<meta property=\"article:publisher\" content=\"https:\/\/www.facebook.com\/atlatszoerdely\/\" \/>\n<meta property=\"article:modified_time\" content=\"2023-12-14T17:28:50+00:00\" \/>\n<meta name=\"twitter:card\" content=\"summary_large_image\" \/>\n<meta name=\"twitter:site\" content=\"@erdely_atlatszo\" \/>\n<meta name=\"twitter:label1\" content=\"Timp estimat pentru citire\" \/>\n\t<meta name=\"twitter:data1\" content=\"4 minute\" \/>\n<script type=\"application\/ld+json\" class=\"yoast-schema-graph\">{\"@context\":\"https:\/\/schema.org\",\"@graph\":[{\"@type\":\"WebPage\",\"@id\":\"https:\/\/dev2.atlatszo.exot.hu\/ro\/informare-privind-politica-de-confidentialitate\/\",\"url\":\"https:\/\/dev2.atlatszo.exot.hu\/ro\/informare-privind-politica-de-confidentialitate\/\",\"name\":\"Informa\u021bii privind prelucrarea datelor cu caracter personal - \u00c1tl\u00e1tsz\u00f3 Erd\u00e9ly\",\"isPartOf\":{\"@id\":\"https:\/\/dev2.atlatszo.exot.hu\/#website\"},\"datePublished\":\"2019-03-14T12:57:22+00:00\",\"dateModified\":\"2023-12-14T17:28:50+00:00\",\"description\":\"Informa\u021bii importante despre prelucrarea datelor cu caracter personal \u00een sistemul de eviden\u021ba dona\u021biilor primite \u0219i \u00een serviciul de newsletter al jurnalului \u00c1tl\u00e1tsz\u00f3 Erd\u00e9ly.\",\"breadcrumb\":{\"@id\":\"https:\/\/dev2.atlatszo.exot.hu\/ro\/informare-privind-politica-de-confidentialitate\/#breadcrumb\"},\"inLanguage\":\"ro-RO\",\"potentialAction\":[{\"@type\":\"ReadAction\",\"target\":[\"https:\/\/dev2.atlatszo.exot.hu\/ro\/informare-privind-politica-de-confidentialitate\/\"]}]},{\"@type\":\"BreadcrumbList\",\"@id\":\"https:\/\/dev2.atlatszo.exot.hu\/ro\/informare-privind-politica-de-confidentialitate\/#breadcrumb\",\"itemListElement\":[{\"@type\":\"ListItem\",\"position\":1,\"name\":\"Home\",\"item\":\"https:\/\/dev2.atlatszo.exot.hu\/ro\/\"},{\"@type\":\"ListItem\",\"position\":2,\"name\":\"Informa\u021bii privind prelucrarea datelor cu caracter personal\"}]},{\"@type\":\"WebSite\",\"@id\":\"https:\/\/dev2.atlatszo.exot.hu\/#website\",\"url\":\"https:\/\/dev2.atlatszo.exot.hu\/\",\"name\":\"\u00c1tl\u00e1tsz\u00f3 Erd\u00e9ly\",\"description\":\"\u00c1tl\u00e1tsz\u00f3 Erd\u00e9ly\",\"publisher\":{\"@id\":\"https:\/\/dev2.atlatszo.exot.hu\/#organization\"},\"potentialAction\":[{\"@type\":\"SearchAction\",\"target\":{\"@type\":\"EntryPoint\",\"urlTemplate\":\"https:\/\/dev2.atlatszo.exot.hu\/?s={search_term_string}\"},\"query-input\":\"required name=search_term_string\"}],\"inLanguage\":\"ro-RO\"},{\"@type\":\"Organization\",\"@id\":\"https:\/\/dev2.atlatszo.exot.hu\/#organization\",\"name\":\"\u00c1tl\u00e1tsz\u00f3 Erd\u00e9ly\",\"url\":\"https:\/\/dev2.atlatszo.exot.hu\/\",\"logo\":{\"@type\":\"ImageObject\",\"inLanguage\":\"ro-RO\",\"@id\":\"https:\/\/dev2.atlatszo.exot.hu\/#\/schema\/logo\/image\/\",\"url\":\"https:\/\/atlatszo.ro\/wp-content\/uploads\/2022\/06\/logo-atlatszo.png\",\"contentUrl\":\"https:\/\/atlatszo.ro\/wp-content\/uploads\/2022\/06\/logo-atlatszo.png\",\"width\":270,\"height\":104,\"caption\":\"\u00c1tl\u00e1tsz\u00f3 Erd\u00e9ly\"},\"image\":{\"@id\":\"https:\/\/dev2.atlatszo.exot.hu\/#\/schema\/logo\/image\/\"},\"sameAs\":[\"https:\/\/www.facebook.com\/atlatszoerdely\/\",\"https:\/\/twitter.com\/erdely_atlatszo\",\"https:\/\/www.instagram.com\/atlatszo_erdely\/\",\"https:\/\/www.youtube.com\/channel\/UC6lunfqCrLA0aDAjt1--TKg\"]}]}<\/script>\n<!-- \/ Yoast SEO plugin. -->","yoast_head_json":{"title":"Informa\u021bii privind prelucrarea datelor cu caracter personal - \u00c1tl\u00e1tsz\u00f3 Erd\u00e9ly","description":"Informa\u021bii importante despre prelucrarea datelor cu caracter personal \u00een sistemul de eviden\u021ba dona\u021biilor primite \u0219i \u00een serviciul de newsletter al jurnalului \u00c1tl\u00e1tsz\u00f3 Erd\u00e9ly.","robots":{"index":"index","follow":"follow","max-snippet":"max-snippet:-1","max-image-preview":"max-image-preview:large","max-video-preview":"max-video-preview:-1"},"canonical":"https:\/\/dev2.atlatszo.exot.hu\/ro\/informare-privind-politica-de-confidentialitate\/","og_locale":"ro_RO","og_type":"article","og_title":"Informa\u021bii privind prelucrarea datelor cu caracter personal - \u00c1tl\u00e1tsz\u00f3 Erd\u00e9ly","og_description":"Informa\u021bii importante despre prelucrarea datelor cu caracter personal \u00een sistemul de eviden\u021ba dona\u021biilor primite \u0219i \u00een serviciul de newsletter al jurnalului \u00c1tl\u00e1tsz\u00f3 Erd\u00e9ly.","og_url":"https:\/\/dev2.atlatszo.exot.hu\/ro\/informare-privind-politica-de-confidentialitate\/","og_site_name":"\u00c1tl\u00e1tsz\u00f3 Erd\u00e9ly","article_publisher":"https:\/\/www.facebook.com\/atlatszoerdely\/","article_modified_time":"2023-12-14T17:28:50+00:00","twitter_card":"summary_large_image","twitter_site":"@erdely_atlatszo","twitter_misc":{"Timp estimat pentru citire":"4 minute"},"schema":{"@context":"https:\/\/schema.org","@graph":[{"@type":"WebPage","@id":"https:\/\/dev2.atlatszo.exot.hu\/ro\/informare-privind-politica-de-confidentialitate\/","url":"https:\/\/dev2.atlatszo.exot.hu\/ro\/informare-privind-politica-de-confidentialitate\/","name":"Informa\u021bii privind prelucrarea datelor cu caracter personal - \u00c1tl\u00e1tsz\u00f3 Erd\u00e9ly","isPartOf":{"@id":"https:\/\/dev2.atlatszo.exot.hu\/#website"},"datePublished":"2019-03-14T12:57:22+00:00","dateModified":"2023-12-14T17:28:50+00:00","description":"Informa\u021bii importante despre prelucrarea datelor cu caracter personal \u00een sistemul de eviden\u021ba dona\u021biilor primite \u0219i \u00een serviciul de newsletter al jurnalului \u00c1tl\u00e1tsz\u00f3 Erd\u00e9ly.","breadcrumb":{"@id":"https:\/\/dev2.atlatszo.exot.hu\/ro\/informare-privind-politica-de-confidentialitate\/#breadcrumb"},"inLanguage":"ro-RO","potentialAction":[{"@type":"ReadAction","target":["https:\/\/dev2.atlatszo.exot.hu\/ro\/informare-privind-politica-de-confidentialitate\/"]}]},{"@type":"BreadcrumbList","@id":"https:\/\/dev2.atlatszo.exot.hu\/ro\/informare-privind-politica-de-confidentialitate\/#breadcrumb","itemListElement":[{"@type":"ListItem","position":1,"name":"Home","item":"https:\/\/dev2.atlatszo.exot.hu\/ro\/"},{"@type":"ListItem","position":2,"name":"Informa\u021bii privind prelucrarea datelor cu caracter personal"}]},{"@type":"WebSite","@id":"https:\/\/dev2.atlatszo.exot.hu\/#website","url":"https:\/\/dev2.atlatszo.exot.hu\/","name":"\u00c1tl\u00e1tsz\u00f3 Erd\u00e9ly","description":"\u00c1tl\u00e1tsz\u00f3 Erd\u00e9ly","publisher":{"@id":"https:\/\/dev2.atlatszo.exot.hu\/#organization"},"potentialAction":[{"@type":"SearchAction","target":{"@type":"EntryPoint","urlTemplate":"https:\/\/dev2.atlatszo.exot.hu\/?s={search_term_string}"},"query-input":"required name=search_term_string"}],"inLanguage":"ro-RO"},{"@type":"Organization","@id":"https:\/\/dev2.atlatszo.exot.hu\/#organization","name":"\u00c1tl\u00e1tsz\u00f3 Erd\u00e9ly","url":"https:\/\/dev2.atlatszo.exot.hu\/","logo":{"@type":"ImageObject","inLanguage":"ro-RO","@id":"https:\/\/dev2.atlatszo.exot.hu\/#\/schema\/logo\/image\/","url":"https:\/\/atlatszo.ro\/wp-content\/uploads\/2022\/06\/logo-atlatszo.png","contentUrl":"https:\/\/atlatszo.ro\/wp-content\/uploads\/2022\/06\/logo-atlatszo.png","width":270,"height":104,"caption":"\u00c1tl\u00e1tsz\u00f3 Erd\u00e9ly"},"image":{"@id":"https:\/\/dev2.atlatszo.exot.hu\/#\/schema\/logo\/image\/"},"sameAs":["https:\/\/www.facebook.com\/atlatszoerdely\/","https:\/\/twitter.com\/erdely_atlatszo","https:\/\/www.instagram.com\/atlatszo_erdely\/","https:\/\/www.youtube.com\/channel\/UC6lunfqCrLA0aDAjt1--TKg"]}]}},"_links":{"self":[{"href":"https:\/\/dev2.atlatszo.exot.hu\/ro\/wp-json\/wp\/v2\/pages\/26347"}],"collection":[{"href":"https:\/\/dev2.atlatszo.exot.hu\/ro\/wp-json\/wp\/v2\/pages"}],"about":[{"href":"https:\/\/dev2.atlatszo.exot.hu\/ro\/wp-json\/wp\/v2\/types\/page"}],"author":[{"embeddable":true,"href":"https:\/\/dev2.atlatszo.exot.hu\/ro\/wp-json\/wp\/v2\/users\/5"}],"replies":[{"embeddable":true,"href":"https:\/\/dev2.atlatszo.exot.hu\/ro\/wp-json\/wp\/v2\/comments?post=26347"}],"version-history":[{"count":3,"href":"https:\/\/dev2.atlatszo.exot.hu\/ro\/wp-json\/wp\/v2\/pages\/26347\/revisions"}],"predecessor-version":[{"id":45083,"href":"https:\/\/dev2.atlatszo.exot.hu\/ro\/wp-json\/wp\/v2\/pages\/26347\/revisions\/45083"}],"wp:attachment":[{"href":"https:\/\/dev2.atlatszo.exot.hu\/ro\/wp-json\/wp\/v2\/media?parent=26347"}],"wp:term":[{"taxonomy":"author","embeddable":true,"href":"https:\/\/dev2.atlatszo.exot.hu\/ro\/wp-json\/wp\/v2\/ppma_author?post=26347"}],"curies":[{"name":"wp","href":"https:\/\/api.w.org\/{rel}","templated":true}]}}