{"id":45094,"date":"2023-12-14T18:00:55","date_gmt":"2023-12-14T18:00:55","guid":{"rendered":"http:\/\/dev2.atlatszo.exot.hu\/donate\/"},"modified":"2025-02-28T15:19:20","modified_gmt":"2025-02-28T13:19:20","slug":"donate","status":"publish","type":"page","link":"https:\/\/dev2.atlatszo.exot.hu\/en\/donate\/","title":{"rendered":"Donate"},"content":{"rendered":"\t\t<div data-elementor-type=\"wp-post\" data-elementor-id=\"45094\" class=\"elementor elementor-45094 elementor-28350\">\n\t\t\t\t\t\t\t<div class=\"elementor-element elementor-element-bed2bb8 e-flex e-con-boxed e-con e-parent\" data-id=\"bed2bb8\" data-element_type=\"container\" data-settings=\"{&quot;content_width&quot;:&quot;boxed&quot;}\" data-core-v316-plus=\"true\">\n\t\t\t\t\t<div class=\"e-con-inner\">\n\t\t\t\t<div class=\"elementor-element elementor-element-eaa280c elementor-widget elementor-widget-image\" data-id=\"eaa280c\" data-element_type=\"widget\" data-widget_type=\"image.default\">\n\t\t\t\t<div class=\"elementor-widget-container\">\n\t\t\t\t\t\t\t\t\t\t\t\t\t\t\t<img loading=\"lazy\" decoding=\"async\" width=\"2560\" height=\"1707\" src=\"https:\/\/dev2.atlatszo.exot.hu\/wp-content\/uploads\/2025\/02\/DSC02362-scaled.jpg\" class=\"attachment-full size-full wp-image-53798\" alt=\"\" srcset=\"https:\/\/dev2.atlatszo.exot.hu\/wp-content\/uploads\/2025\/02\/DSC02362-scaled.jpg 2560w, https:\/\/dev2.atlatszo.exot.hu\/wp-content\/uploads\/2025\/02\/DSC02362-300x200.jpg 300w, https:\/\/dev2.atlatszo.exot.hu\/wp-content\/uploads\/2025\/02\/DSC02362-1024x683.jpg 1024w, https:\/\/dev2.atlatszo.exot.hu\/wp-content\/uploads\/2025\/02\/DSC02362-768x512.jpg 768w, https:\/\/dev2.atlatszo.exot.hu\/wp-content\/uploads\/2025\/02\/DSC02362-1536x1024.jpg 1536w, https:\/\/dev2.atlatszo.exot.hu\/wp-content\/uploads\/2025\/02\/DSC02362-2048x1365.jpg 2048w, https:\/\/dev2.atlatszo.exot.hu\/wp-content\/uploads\/2025\/02\/DSC02362-750x500.jpg 750w, https:\/\/dev2.atlatszo.exot.hu\/wp-content\/uploads\/2025\/02\/DSC02362-1140x760.jpg 1140w\" sizes=\"(max-width: 2560px) 100vw, 2560px\" \/>\t\t\t\t\t\t\t\t\t\t\t\t\t\t\t<\/div>\n\t\t\t\t<\/div>\n\t\t\t\t\t<\/div>\n\t\t\t\t<\/div>\n\t\t<div class=\"elementor-element elementor-element-14e8b08 e-flex e-con-boxed e-con e-parent\" data-id=\"14e8b08\" data-element_type=\"container\" data-settings=\"{&quot;content_width&quot;:&quot;boxed&quot;}\" data-core-v316-plus=\"true\">\n\t\t\t\t\t<div class=\"e-con-inner\">\n\t\t\t\t<div class=\"elementor-element elementor-element-dbd6d74 elementor-widget elementor-widget-heading\" data-id=\"dbd6d74\" data-element_type=\"widget\" data-widget_type=\"heading.default\">\n\t\t\t\t<div class=\"elementor-widget-container\">\n\t\t\t<h2 class=\"elementor-heading-title elementor-size-default\">Please support our independent journalism!<\/h2>\t\t<\/div>\n\t\t\t\t<\/div>\n\t\t\t\t\t<\/div>\n\t\t\t\t<\/div>\n\t\t<div class=\"elementor-element elementor-element-1046349 e-flex e-con-boxed e-con e-parent\" data-id=\"1046349\" data-element_type=\"container\" data-settings=\"{&quot;content_width&quot;:&quot;boxed&quot;}\" data-core-v316-plus=\"true\">\n\t\t\t\t\t<div class=\"e-con-inner\">\n\t\t\t\t<div class=\"elementor-element elementor-element-828095d elementor-widget elementor-widget-text-editor\" data-id=\"828095d\" data-element_type=\"widget\" data-widget_type=\"text-editor.default\">\n\t\t\t\t<div class=\"elementor-widget-container\">\n\t\t\t\t\t\t\t<p>The articles published on \u00c1tl\u00e1tsz\u00f3 Erd\u00e9ly are free to read, but our investigative journalism pieces come with a cost. Thank you for contributing to our expenses! This way we have the possibility to cover more important stories.<\/p>\t\t\t\t\t\t<\/div>\n\t\t\t\t<\/div>\n\t\t\t\t\t<\/div>\n\t\t\t\t<\/div>\n\t\t<div class=\"elementor-element elementor-element-87cc84b e-flex e-con-boxed e-con e-parent\" data-id=\"87cc84b\" data-element_type=\"container\" data-settings=\"{&quot;content_width&quot;:&quot;boxed&quot;}\" data-core-v316-plus=\"true\">\n\t\t\t\t\t<div class=\"e-con-inner\">\n\t\t\t\t<div class=\"elementor-element elementor-element-a60bc41 euplates-iframe elementor-widget elementor-widget-shortcode\" data-id=\"a60bc41\" data-element_type=\"widget\" data-widget_type=\"shortcode.default\">\n\t\t\t\t<div class=\"elementor-widget-container\">\n\t\t\t\t\t<div class=\"elementor-shortcode\"><iframe style='border:none;height:625px;width:100%;' src='https:\/\/secure.euplatesc.ro\/hi\/donate\/index.php?md=44840986885&s=S7QyNLSqLrYytFIqULIG0wZQOhGNXwKijcytlBxLchJLiqvyFVyLUlJzKhUci4vzkzMTSzLz86BKy0C0pZWSoYGOkYGOiYEOVDwXShtB6SKwkUB1MIFkKG0IpXOgClLzoIwCsBYDKyUov6wIh1UpCJNqAQ&cl=SzExSDQ0qqlJTQLBGhBIgQohGHBWYrIBENQAAA&key=f63ff0cfa85903270cea1b281842c5c4'><\/iframe><\/div>\n\t\t\t\t<\/div>\n\t\t\t\t<\/div>\n\t\t\t\t<div class=\"elementor-element elementor-element-b4ba646 paypal-donate-btn elementor-widget elementor-widget-shortcode\" data-id=\"b4ba646\" data-element_type=\"widget\" data-widget_type=\"shortcode.default\">\n\t\t\t\t<div class=\"elementor-widget-container\">\n\t\t\t\t\t<div class=\"elementor-shortcode\"><form action=\"https:\/\/www.paypal.com\/donate\" method=\"post\" target=\"_top\">\n<input type=\"hidden\" name=\"hosted_button_id\" value=\"FRB4ZGZVHWLPQ\">\n<input type=\"image\" src=\"https:\/\/pics.paypal.com\/00\/s\/NWZiOWViMGQtMDViMy00NGJmLTljYjctNmI1NzY0NjY2YmY0\/file.PNG\" border=\"0\" name=\"submit\" title=\"PayPal - The safer, easier way to pay online!\" alt=\"Donate with PayPal button\">\n<img loading=\"lazy\" decoding=\"async\" alt=\"\" border=\"0\" src=\"https:\/\/www.paypal.com\/en_US\/i\/scr\/pixel.gif\" width=\"1\" height=\"1\">\n<\/form><\/div>\n\t\t\t\t<\/div>\n\t\t\t\t<\/div>\n\t\t\t\t\t<\/div>\n\t\t\t\t<\/div>\n\t\t<div class=\"elementor-element elementor-element-b6d7a48 e-con-full e-flex e-con e-child\" data-id=\"b6d7a48\" data-element_type=\"container\" data-settings=\"{&quot;content_width&quot;:&quot;full&quot;}\">\n\t\t<div class=\"elementor-element elementor-element-538849b info-email-section e-flex e-con-boxed e-con e-child\" data-id=\"538849b\" data-element_type=\"container\" data-settings=\"{&quot;background_background&quot;:&quot;classic&quot;,&quot;content_width&quot;:&quot;boxed&quot;}\">\n\t\t\t\t\t<div class=\"e-con-inner\">\n\t\t\t\t<div class=\"elementor-element elementor-element-ff7f183 elementor-widget elementor-widget-jnews_element_header_elementor\" data-id=\"ff7f183\" data-element_type=\"widget\" data-widget_type=\"jnews_element_header_elementor.default\">\n\t\t\t\t<div class=\"elementor-widget-container\">\n\t\t\t<div  class=\"jeg_block_heading jeg_block_heading_6 jeg_alignleft jnews_module__0_69d2dc942db8b   \">\n                <h3 class=\"jeg_block_title\"><span>Support us through bank transfer<\/span><\/h3>\n                <style>.jnews_module__0_69d2dc942db8b.jeg_block_heading_6 { border-color: #D9D9D9; }<\/style>\n            <\/div>\t\t<\/div>\n\t\t\t\t<\/div>\n\t\t\t\t<div class=\"elementor-element elementor-element-877401e elementor-widget elementor-widget-heading\" data-id=\"877401e\" data-element_type=\"widget\" data-widget_type=\"heading.default\">\n\t\t\t\t<div class=\"elementor-widget-container\">\n\t\t\t<p class=\"elementor-heading-title elementor-size-default\">Bank account in lei (RON):<\/p>\t\t<\/div>\n\t\t\t\t<\/div>\n\t\t<div class=\"elementor-element elementor-element-fe510fd e-flex e-con-boxed e-con e-child\" data-id=\"fe510fd\" data-element_type=\"container\" data-settings=\"{&quot;content_width&quot;:&quot;boxed&quot;}\">\n\t\t\t\t\t<div class=\"e-con-inner\">\n\t\t\t\t<div class=\"elementor-element elementor-element-19a11d6 elementor-widget__width-auto text-to-copy elementor-widget elementor-widget-heading\" data-id=\"19a11d6\" data-element_type=\"widget\" data-widget_type=\"heading.default\">\n\t\t\t\t<div class=\"elementor-widget-container\">\n\t\t\t<span class=\"elementor-heading-title elementor-size-default\">Asocia\u0163ia \u201cAtlatszo Erdely Egyesulet\u201d<\/span>\t\t<\/div>\n\t\t\t\t<\/div>\n\t\t\t\t<div class=\"elementor-element elementor-element-4bc9745 elementor-align-center copy-button elementor-widget elementor-widget-button\" data-id=\"4bc9745\" data-element_type=\"widget\" data-widget_type=\"button.default\">\n\t\t\t\t<div class=\"elementor-widget-container\">\n\t\t\t\t\t<div class=\"elementor-button-wrapper\">\n\t\t\t<a class=\"elementor-button elementor-button-link elementor-size-xs\" href=\"#\">\n\t\t\t\t\t\t<span class=\"elementor-button-content-wrapper\">\n\t\t\t\t\t\t<span class=\"elementor-button-text\">Copy<\/span>\n\t\t<\/span>\n\t\t\t\t\t<\/a>\n\t\t<\/div>\n\t\t\t\t<\/div>\n\t\t\t\t<\/div>\n\t\t\t\t\t<\/div>\n\t\t\t\t<\/div>\n\t\t<div class=\"elementor-element elementor-element-67c273c e-flex e-con-boxed e-con e-child\" data-id=\"67c273c\" data-element_type=\"container\" data-settings=\"{&quot;content_width&quot;:&quot;boxed&quot;}\">\n\t\t\t\t\t<div class=\"e-con-inner\">\n\t\t\t\t<div class=\"elementor-element elementor-element-9c38fbc elementor-widget__width-auto text-to-copy elementor-widget elementor-widget-heading\" data-id=\"9c38fbc\" data-element_type=\"widget\" data-widget_type=\"heading.default\">\n\t\t\t\t<div class=\"elementor-widget-container\">\n\t\t\t<span class=\"elementor-heading-title elementor-size-default\">RO16BTRLRONCRT0T0DF03101<\/span>\t\t<\/div>\n\t\t\t\t<\/div>\n\t\t\t\t<div class=\"elementor-element elementor-element-78e28b0 elementor-align-center elementor-widget__width-auto copy-button elementor-widget elementor-widget-button\" data-id=\"78e28b0\" data-element_type=\"widget\" data-widget_type=\"button.default\">\n\t\t\t\t<div class=\"elementor-widget-container\">\n\t\t\t\t\t<div class=\"elementor-button-wrapper\">\n\t\t\t<a class=\"elementor-button elementor-button-link elementor-size-xs\" href=\"#\">\n\t\t\t\t\t\t<span class=\"elementor-button-content-wrapper\">\n\t\t\t\t\t\t<span class=\"elementor-button-text\">Copy<\/span>\n\t\t<\/span>\n\t\t\t\t\t<\/a>\n\t\t<\/div>\n\t\t\t\t<\/div>\n\t\t\t\t<\/div>\n\t\t\t\t\t<\/div>\n\t\t\t\t<\/div>\n\t\t<div class=\"elementor-element elementor-element-2b24e84 e-flex e-con-boxed e-con e-child\" data-id=\"2b24e84\" data-element_type=\"container\" data-settings=\"{&quot;content_width&quot;:&quot;boxed&quot;}\">\n\t\t\t\t\t<div class=\"e-con-inner\">\n\t\t\t\t<div class=\"elementor-element elementor-element-552c670 elementor-widget__width-auto text-to-copy elementor-widget elementor-widget-heading\" data-id=\"552c670\" data-element_type=\"widget\" data-widget_type=\"heading.default\">\n\t\t\t\t<div class=\"elementor-widget-container\">\n\t\t\t<span class=\"elementor-heading-title elementor-size-default\">BANCA TRANSILVANIA, SUCURSALA CLUJ<\/span>\t\t<\/div>\n\t\t\t\t<\/div>\n\t\t\t\t<div class=\"elementor-element elementor-element-c14e977 elementor-align-center elementor-widget__width-auto copy-button elementor-widget elementor-widget-button\" data-id=\"c14e977\" data-element_type=\"widget\" data-widget_type=\"button.default\">\n\t\t\t\t<div class=\"elementor-widget-container\">\n\t\t\t\t\t<div class=\"elementor-button-wrapper\">\n\t\t\t<a class=\"elementor-button elementor-button-link elementor-size-xs\" href=\"#\">\n\t\t\t\t\t\t<span class=\"elementor-button-content-wrapper\">\n\t\t\t\t\t\t<span class=\"elementor-button-text\">Copy<\/span>\n\t\t<\/span>\n\t\t\t\t\t<\/a>\n\t\t<\/div>\n\t\t\t\t<\/div>\n\t\t\t\t<\/div>\n\t\t\t\t\t<\/div>\n\t\t\t\t<\/div>\n\t\t<div class=\"elementor-element elementor-element-5864eff e-flex e-con-boxed e-con e-child\" data-id=\"5864eff\" data-element_type=\"container\" data-settings=\"{&quot;content_width&quot;:&quot;boxed&quot;}\">\n\t\t\t\t\t<div class=\"e-con-inner\">\n\t\t\t\t<div class=\"elementor-element elementor-element-de2d123 elementor-widget__width-auto text-to-copy elementor-widget elementor-widget-heading\" data-id=\"de2d123\" data-element_type=\"widget\" data-widget_type=\"heading.default\">\n\t\t\t\t<div class=\"elementor-widget-container\">\n\t\t\t<span class=\"elementor-heading-title elementor-size-default\">BTRLRO22<\/span>\t\t<\/div>\n\t\t\t\t<\/div>\n\t\t\t\t<div class=\"elementor-element elementor-element-2192114 elementor-align-center elementor-widget__width-auto copy-button elementor-widget elementor-widget-button\" data-id=\"2192114\" data-element_type=\"widget\" data-widget_type=\"button.default\">\n\t\t\t\t<div class=\"elementor-widget-container\">\n\t\t\t\t\t<div class=\"elementor-button-wrapper\">\n\t\t\t<a class=\"elementor-button elementor-button-link elementor-size-xs\" href=\"#\">\n\t\t\t\t\t\t<span class=\"elementor-button-content-wrapper\">\n\t\t\t\t\t\t<span class=\"elementor-button-text\">Copy<\/span>\n\t\t<\/span>\n\t\t\t\t\t<\/a>\n\t\t<\/div>\n\t\t\t\t<\/div>\n\t\t\t\t<\/div>\n\t\t\t\t\t<\/div>\n\t\t\t\t<\/div>\n\t\t\t\t\t<\/div>\n\t\t\t\t<\/div>\n\t\t\t\t<\/div>\n\t\t<div class=\"elementor-element elementor-element-919c9a5 e-flex e-con-boxed e-con e-parent\" data-id=\"919c9a5\" data-element_type=\"container\" data-settings=\"{&quot;content_width&quot;:&quot;boxed&quot;}\" data-core-v316-plus=\"true\">\n\t\t\t\t\t<div class=\"e-con-inner\">\n\t\t<div class=\"elementor-element elementor-element-a823736 donate-container e-flex e-con-boxed e-con e-child\" data-id=\"a823736\" data-element_type=\"container\" data-settings=\"{&quot;background_background&quot;:&quot;classic&quot;,&quot;content_width&quot;:&quot;boxed&quot;}\">\n\t\t\t\t\t<div class=\"e-con-inner\">\n\t\t\t\t<div class=\"elementor-element elementor-element-0754687 elementor-widget elementor-widget-jnews_element_header_elementor\" data-id=\"0754687\" data-element_type=\"widget\" data-widget_type=\"jnews_element_header_elementor.default\">\n\t\t\t\t<div class=\"elementor-widget-container\">\n\t\t\t<div  class=\"jeg_block_heading jeg_block_heading_6 jeg_alignleft jnews_module__1_69d2dc9431160   \">\n                <h3 class=\"jeg_block_title\"><span>What will the money be spent on?<\/span><\/h3>\n                <style>.jnews_module__1_69d2dc9431160.jeg_block_heading_6 { border-color: #D9D9D9; }<\/style>\n            <\/div>\t\t<\/div>\n\t\t\t\t<\/div>\n\t\t\t\t<div class=\"elementor-element elementor-element-84deb45 elementor-widget elementor-widget-text-editor\" data-id=\"84deb45\" data-element_type=\"widget\" data-widget_type=\"text-editor.default\">\n\t\t\t\t<div class=\"elementor-widget-container\">\n\t\t\t\t\t\t\t<p>We publish an annual report on our income and expenditure. Below you can see how much we earned in 2023 and how we spent it.<\/p>\t\t\t\t\t\t<\/div>\n\t\t\t\t<\/div>\n\t\t\t\t\t<\/div>\n\t\t\t\t<\/div>\n\t\t\t\t\t<\/div>\n\t\t\t\t<\/div>\n\t\t\t\t<section class=\"elementor-section elementor-top-section elementor-element elementor-element-1db2834 elementor-section-boxed elementor-section-height-default elementor-section-height-default\" data-id=\"1db2834\" data-element_type=\"section\">\n\t\t\t\t\t\t<div class=\"elementor-container elementor-column-gap-default\">\n\t\t\t\t\t<div class=\"elementor-column elementor-col-100 elementor-top-column elementor-element elementor-element-5c992f2\" data-id=\"5c992f2\" data-element_type=\"column\">\n\t\t\t<div class=\"elementor-widget-wrap elementor-element-populated\">\n\t\t\t\t\t\t\t\t<div class=\"elementor-element elementor-element-2cff8eb elementor-widget elementor-widget-html\" data-id=\"2cff8eb\" data-element_type=\"widget\" data-widget_type=\"html.default\">\n\t\t\t\t<div class=\"elementor-widget-container\">\n\t\t\t<script id=\"infogram_0_6bf74115-5686-4766-8020-0f2418da597e\" title=\"\u00c1tl\u00e1tsz\u00f3 Erd\u00e9ly besz\u00e1mol\u00f3 2023 EN\" src=\"https:\/\/e.infogram.com\/js\/dist\/embed.js?Vu1\" type=\"text\/javascript\"><\/script><div style=\"padding:8px 0;font-family:Arial!important;font-size:13px!important;line-height:15px!important;text-align:center;border-top:1px solid #dadada;margin:0 30px\"><a href=\"https:\/\/infogram.com\/6bf74115-5686-4766-8020-0f2418da597e\" style=\"color:#989898!important;text-decoration:none!important;\" target=\"_blank\">\u00c1tl\u00e1tsz\u00f3 Erd\u00e9ly besz\u00e1mol\u00f3 2023 EN<\/a><br><a href=\"https:\/\/infogram.com\" style=\"color:#989898!important;text-decoration:none!important;\" target=\"_blank\" rel=\"nofollow\">Infogram<\/a><\/div>\t\t<\/div>\n\t\t\t\t<\/div>\n\t\t\t\t\t<\/div>\n\t\t<\/div>\n\t\t\t\t\t\t\t<\/div>\n\t\t<\/section>\n\t\t\t\t\t\t\t<\/div>\n\t\t","protected":false},"excerpt":{"rendered":"<p>Please support our independent journalism! The articles published on \u00c1tl\u00e1tsz\u00f3 Erd\u00e9ly are free to read, but our investigative journalism pieces come with a cost. Thank you for contributing to our expenses! This way we have the possibility to cover more important stories. Support us through bank transfer Bank account in lei (RON): Asocia\u0163ia \u201cAtlatszo Erdely [&hellip;]<\/p>\n","protected":false},"author":5,"featured_media":0,"parent":0,"menu_order":0,"comment_status":"closed","ping_status":"closed","template":"elementor_header_footer","meta":{"footnotes":""},"ppma_author":[2991],"yoast_head":"<!-- This site is optimized with the Yoast SEO plugin v21.5 - https:\/\/yoast.com\/wordpress\/plugins\/seo\/ -->\n<title>Donate - \u00c1tl\u00e1tsz\u00f3 Erd\u00e9ly<\/title>\n<meta name=\"description\" content=\"Transparent Transylvania is free, but it is not made for free. Fizess el\u0151, hogy b\u0151v\u00fclni tudjunk!\" \/>\n<meta name=\"robots\" content=\"index, follow, max-snippet:-1, max-image-preview:large, max-video-preview:-1\" \/>\n<link rel=\"canonical\" href=\"https:\/\/dev2.atlatszo.exot.hu\/en\/donate\/\" \/>\n<meta property=\"og:locale\" content=\"en_US\" \/>\n<meta property=\"og:type\" content=\"article\" \/>\n<meta property=\"og:title\" content=\"Donate - \u00c1tl\u00e1tsz\u00f3 Erd\u00e9ly\" \/>\n<meta property=\"og:description\" content=\"Transparent Transylvania is free, but it is not made for free. Fizess el\u0151, hogy b\u0151v\u00fclni tudjunk!\" \/>\n<meta property=\"og:url\" content=\"https:\/\/dev2.atlatszo.exot.hu\/en\/donate\/\" \/>\n<meta property=\"og:site_name\" content=\"\u00c1tl\u00e1tsz\u00f3 Erd\u00e9ly\" \/>\n<meta property=\"article:publisher\" content=\"https:\/\/www.facebook.com\/atlatszoerdely\/\" \/>\n<meta property=\"article:modified_time\" content=\"2025-02-28T13:19:20+00:00\" \/>\n<meta property=\"og:image\" content=\"https:\/\/atlatszo.ro\/wp-content\/uploads\/2025\/02\/DSC02362-scaled.jpg\" \/>\n<meta name=\"twitter:card\" content=\"summary_large_image\" \/>\n<meta name=\"twitter:site\" content=\"@erdely_atlatszo\" \/>\n<meta name=\"twitter:label1\" content=\"Est. reading time\" \/>\n\t<meta name=\"twitter:data1\" content=\"1 minute\" \/>\n<script type=\"application\/ld+json\" class=\"yoast-schema-graph\">{\"@context\":\"https:\/\/schema.org\",\"@graph\":[{\"@type\":\"WebPage\",\"@id\":\"https:\/\/dev2.atlatszo.exot.hu\/en\/donate\/\",\"url\":\"https:\/\/dev2.atlatszo.exot.hu\/en\/donate\/\",\"name\":\"Donate - \u00c1tl\u00e1tsz\u00f3 Erd\u00e9ly\",\"isPartOf\":{\"@id\":\"https:\/\/dev2.atlatszo.exot.hu\/#website\"},\"datePublished\":\"2023-12-14T18:00:55+00:00\",\"dateModified\":\"2025-02-28T13:19:20+00:00\",\"description\":\"Transparent Transylvania is free, but it is not made for free. Fizess el\u0151, hogy b\u0151v\u00fclni tudjunk!\",\"breadcrumb\":{\"@id\":\"https:\/\/dev2.atlatszo.exot.hu\/en\/donate\/#breadcrumb\"},\"inLanguage\":\"en-US\",\"potentialAction\":[{\"@type\":\"ReadAction\",\"target\":[\"https:\/\/dev2.atlatszo.exot.hu\/en\/donate\/\"]}]},{\"@type\":\"BreadcrumbList\",\"@id\":\"https:\/\/dev2.atlatszo.exot.hu\/en\/donate\/#breadcrumb\",\"itemListElement\":[{\"@type\":\"ListItem\",\"position\":1,\"name\":\"Home\",\"item\":\"https:\/\/dev2.atlatszo.exot.hu\/en\/home\/\"},{\"@type\":\"ListItem\",\"position\":2,\"name\":\"Donate\"}]},{\"@type\":\"WebSite\",\"@id\":\"https:\/\/dev2.atlatszo.exot.hu\/#website\",\"url\":\"https:\/\/dev2.atlatszo.exot.hu\/\",\"name\":\"\u00c1tl\u00e1tsz\u00f3 Erd\u00e9ly\",\"description\":\"\u00c1tl\u00e1tsz\u00f3 Erd\u00e9ly\",\"publisher\":{\"@id\":\"https:\/\/dev2.atlatszo.exot.hu\/#organization\"},\"potentialAction\":[{\"@type\":\"SearchAction\",\"target\":{\"@type\":\"EntryPoint\",\"urlTemplate\":\"https:\/\/dev2.atlatszo.exot.hu\/?s={search_term_string}\"},\"query-input\":\"required name=search_term_string\"}],\"inLanguage\":\"en-US\"},{\"@type\":\"Organization\",\"@id\":\"https:\/\/dev2.atlatszo.exot.hu\/#organization\",\"name\":\"\u00c1tl\u00e1tsz\u00f3 Erd\u00e9ly\",\"url\":\"https:\/\/dev2.atlatszo.exot.hu\/\",\"logo\":{\"@type\":\"ImageObject\",\"inLanguage\":\"en-US\",\"@id\":\"https:\/\/dev2.atlatszo.exot.hu\/#\/schema\/logo\/image\/\",\"url\":\"https:\/\/atlatszo.ro\/wp-content\/uploads\/2022\/06\/logo-atlatszo.png\",\"contentUrl\":\"https:\/\/atlatszo.ro\/wp-content\/uploads\/2022\/06\/logo-atlatszo.png\",\"width\":270,\"height\":104,\"caption\":\"\u00c1tl\u00e1tsz\u00f3 Erd\u00e9ly\"},\"image\":{\"@id\":\"https:\/\/dev2.atlatszo.exot.hu\/#\/schema\/logo\/image\/\"},\"sameAs\":[\"https:\/\/www.facebook.com\/atlatszoerdely\/\",\"https:\/\/twitter.com\/erdely_atlatszo\",\"https:\/\/www.instagram.com\/atlatszo_erdely\/\",\"https:\/\/www.youtube.com\/channel\/UC6lunfqCrLA0aDAjt1--TKg\"]}]}<\/script>\n<!-- \/ Yoast SEO plugin. -->","yoast_head_json":{"title":"Donate - \u00c1tl\u00e1tsz\u00f3 Erd\u00e9ly","description":"Transparent Transylvania is free, but it is not made for free. Fizess el\u0151, hogy b\u0151v\u00fclni tudjunk!","robots":{"index":"index","follow":"follow","max-snippet":"max-snippet:-1","max-image-preview":"max-image-preview:large","max-video-preview":"max-video-preview:-1"},"canonical":"https:\/\/dev2.atlatszo.exot.hu\/en\/donate\/","og_locale":"en_US","og_type":"article","og_title":"Donate - \u00c1tl\u00e1tsz\u00f3 Erd\u00e9ly","og_description":"Transparent Transylvania is free, but it is not made for free. Fizess el\u0151, hogy b\u0151v\u00fclni tudjunk!","og_url":"https:\/\/dev2.atlatszo.exot.hu\/en\/donate\/","og_site_name":"\u00c1tl\u00e1tsz\u00f3 Erd\u00e9ly","article_publisher":"https:\/\/www.facebook.com\/atlatszoerdely\/","article_modified_time":"2025-02-28T13:19:20+00:00","og_image":[{"url":"https:\/\/atlatszo.ro\/wp-content\/uploads\/2025\/02\/DSC02362-scaled.jpg"}],"twitter_card":"summary_large_image","twitter_site":"@erdely_atlatszo","twitter_misc":{"Est. reading time":"1 minute"},"schema":{"@context":"https:\/\/schema.org","@graph":[{"@type":"WebPage","@id":"https:\/\/dev2.atlatszo.exot.hu\/en\/donate\/","url":"https:\/\/dev2.atlatszo.exot.hu\/en\/donate\/","name":"Donate - \u00c1tl\u00e1tsz\u00f3 Erd\u00e9ly","isPartOf":{"@id":"https:\/\/dev2.atlatszo.exot.hu\/#website"},"datePublished":"2023-12-14T18:00:55+00:00","dateModified":"2025-02-28T13:19:20+00:00","description":"Transparent Transylvania is free, but it is not made for free. Fizess el\u0151, hogy b\u0151v\u00fclni tudjunk!","breadcrumb":{"@id":"https:\/\/dev2.atlatszo.exot.hu\/en\/donate\/#breadcrumb"},"inLanguage":"en-US","potentialAction":[{"@type":"ReadAction","target":["https:\/\/dev2.atlatszo.exot.hu\/en\/donate\/"]}]},{"@type":"BreadcrumbList","@id":"https:\/\/dev2.atlatszo.exot.hu\/en\/donate\/#breadcrumb","itemListElement":[{"@type":"ListItem","position":1,"name":"Home","item":"https:\/\/dev2.atlatszo.exot.hu\/en\/home\/"},{"@type":"ListItem","position":2,"name":"Donate"}]},{"@type":"WebSite","@id":"https:\/\/dev2.atlatszo.exot.hu\/#website","url":"https:\/\/dev2.atlatszo.exot.hu\/","name":"\u00c1tl\u00e1tsz\u00f3 Erd\u00e9ly","description":"\u00c1tl\u00e1tsz\u00f3 Erd\u00e9ly","publisher":{"@id":"https:\/\/dev2.atlatszo.exot.hu\/#organization"},"potentialAction":[{"@type":"SearchAction","target":{"@type":"EntryPoint","urlTemplate":"https:\/\/dev2.atlatszo.exot.hu\/?s={search_term_string}"},"query-input":"required name=search_term_string"}],"inLanguage":"en-US"},{"@type":"Organization","@id":"https:\/\/dev2.atlatszo.exot.hu\/#organization","name":"\u00c1tl\u00e1tsz\u00f3 Erd\u00e9ly","url":"https:\/\/dev2.atlatszo.exot.hu\/","logo":{"@type":"ImageObject","inLanguage":"en-US","@id":"https:\/\/dev2.atlatszo.exot.hu\/#\/schema\/logo\/image\/","url":"https:\/\/atlatszo.ro\/wp-content\/uploads\/2022\/06\/logo-atlatszo.png","contentUrl":"https:\/\/atlatszo.ro\/wp-content\/uploads\/2022\/06\/logo-atlatszo.png","width":270,"height":104,"caption":"\u00c1tl\u00e1tsz\u00f3 Erd\u00e9ly"},"image":{"@id":"https:\/\/dev2.atlatszo.exot.hu\/#\/schema\/logo\/image\/"},"sameAs":["https:\/\/www.facebook.com\/atlatszoerdely\/","https:\/\/twitter.com\/erdely_atlatszo","https:\/\/www.instagram.com\/atlatszo_erdely\/","https:\/\/www.youtube.com\/channel\/UC6lunfqCrLA0aDAjt1--TKg"]}]}},"_links":{"self":[{"href":"https:\/\/dev2.atlatszo.exot.hu\/en\/wp-json\/wp\/v2\/pages\/45094"}],"collection":[{"href":"https:\/\/dev2.atlatszo.exot.hu\/en\/wp-json\/wp\/v2\/pages"}],"about":[{"href":"https:\/\/dev2.atlatszo.exot.hu\/en\/wp-json\/wp\/v2\/types\/page"}],"author":[{"embeddable":true,"href":"https:\/\/dev2.atlatszo.exot.hu\/en\/wp-json\/wp\/v2\/users\/5"}],"replies":[{"embeddable":true,"href":"https:\/\/dev2.atlatszo.exot.hu\/en\/wp-json\/wp\/v2\/comments?post=45094"}],"version-history":[{"count":41,"href":"https:\/\/dev2.atlatszo.exot.hu\/en\/wp-json\/wp\/v2\/pages\/45094\/revisions"}],"predecessor-version":[{"id":53931,"href":"https:\/\/dev2.atlatszo.exot.hu\/en\/wp-json\/wp\/v2\/pages\/45094\/revisions\/53931"}],"wp:attachment":[{"href":"https:\/\/dev2.atlatszo.exot.hu\/en\/wp-json\/wp\/v2\/media?parent=45094"}],"wp:term":[{"taxonomy":"author","embeddable":true,"href":"https:\/\/dev2.atlatszo.exot.hu\/en\/wp-json\/wp\/v2\/ppma_author?post=45094"}],"curies":[{"name":"wp","href":"https:\/\/api.w.org\/{rel}","templated":true}]}}