{"id":44043,"date":"2023-11-16T10:49:11","date_gmt":"2023-11-16T10:49:11","guid":{"rendered":"http:\/\/dev2.atlatszo.exot.hu\/?page_id=44043"},"modified":"2025-04-16T17:37:03","modified_gmt":"2025-04-16T15:37:03","slug":"about-us","status":"publish","type":"page","link":"https:\/\/dev2.atlatszo.exot.hu\/en\/about-us\/","title":{"rendered":"About Us"},"content":{"rendered":"\t\t<div data-elementor-type=\"wp-page\" data-elementor-id=\"44043\" class=\"elementor elementor-44043\">\n\t\t\t\t\t\t\t<div class=\"elementor-element elementor-element-efa3d5d e-flex e-con-boxed e-con e-parent\" data-id=\"efa3d5d\" data-element_type=\"container\" data-settings=\"{&quot;content_width&quot;:&quot;boxed&quot;}\" data-core-v316-plus=\"true\">\n\t\t\t\t\t<div class=\"e-con-inner\">\n\t\t\t\t<div class=\"elementor-element elementor-element-4b1e070 elementor-widget elementor-widget-image\" data-id=\"4b1e070\" data-element_type=\"widget\" data-widget_type=\"image.default\">\n\t\t\t\t<div class=\"elementor-widget-container\">\n\t\t\t\t\t\t\t\t\t\t\t\t\t\t\t<img loading=\"lazy\" decoding=\"async\" width=\"2560\" height=\"1707\" src=\"https:\/\/dev2.atlatszo.exot.hu\/wp-content\/uploads\/2025\/02\/DSC02155-scaled.jpg\" class=\"attachment-full size-full wp-image-53795\" alt=\"\u00c1tl\u00e1tsz\u00f3 Erd\u00e9ly csapata\" srcset=\"https:\/\/dev2.atlatszo.exot.hu\/wp-content\/uploads\/2025\/02\/DSC02155-scaled.jpg 2560w, https:\/\/dev2.atlatszo.exot.hu\/wp-content\/uploads\/2025\/02\/DSC02155-300x200.jpg 300w, https:\/\/dev2.atlatszo.exot.hu\/wp-content\/uploads\/2025\/02\/DSC02155-1024x683.jpg 1024w, https:\/\/dev2.atlatszo.exot.hu\/wp-content\/uploads\/2025\/02\/DSC02155-768x512.jpg 768w, https:\/\/dev2.atlatszo.exot.hu\/wp-content\/uploads\/2025\/02\/DSC02155-1536x1024.jpg 1536w, https:\/\/dev2.atlatszo.exot.hu\/wp-content\/uploads\/2025\/02\/DSC02155-2048x1365.jpg 2048w, https:\/\/dev2.atlatszo.exot.hu\/wp-content\/uploads\/2025\/02\/DSC02155-750x500.jpg 750w, https:\/\/dev2.atlatszo.exot.hu\/wp-content\/uploads\/2025\/02\/DSC02155-1140x760.jpg 1140w\" sizes=\"(max-width: 2560px) 100vw, 2560px\" \/>\t\t\t\t\t\t\t\t\t\t\t\t\t\t\t<\/div>\n\t\t\t\t<\/div>\n\t\t\t\t\t<\/div>\n\t\t\t\t<\/div>\n\t\t<div class=\"elementor-element elementor-element-cec916c e-flex e-con-boxed e-con e-parent\" data-id=\"cec916c\" data-element_type=\"container\" data-settings=\"{&quot;content_width&quot;:&quot;boxed&quot;}\" data-core-v316-plus=\"true\">\n\t\t\t\t\t<div class=\"e-con-inner\">\n\t\t\t\t<div class=\"elementor-element elementor-element-c86c843 elementor-widget elementor-widget-heading\" data-id=\"c86c843\" data-element_type=\"widget\" data-widget_type=\"heading.default\">\n\t\t\t\t<div class=\"elementor-widget-container\">\n\t\t\t<h2 class=\"elementor-heading-title elementor-size-default\">About Us<\/h2>\t\t<\/div>\n\t\t\t\t<\/div>\n\t\t\t\t\t<\/div>\n\t\t\t\t<\/div>\n\t\t<div class=\"elementor-element elementor-element-51026d0 e-flex e-con-boxed e-con e-parent\" data-id=\"51026d0\" data-element_type=\"container\" data-settings=\"{&quot;content_width&quot;:&quot;boxed&quot;}\" data-core-v316-plus=\"true\">\n\t\t\t\t\t<div class=\"e-con-inner\">\n\t\t\t\t<div class=\"elementor-element elementor-element-2ed474b elementor-widget elementor-widget-text-editor\" data-id=\"2ed474b\" data-element_type=\"widget\" data-widget_type=\"text-editor.default\">\n\t\t\t\t<div class=\"elementor-widget-container\">\n\t\t\t\t\t\t\t<p>\u00c1tl\u00e1tsz\u00f3 Erd\u00e9ly (Transparent Transylvania) is an investigative journalism outlet published by an NGO named Asociatia &#8220;Atlatszo Erdely Egyesulet&#8221; with its editorial offices in Cluj-Napoca. Our goal is to contribute to a transparent, accountable and democratic Hungarian community in Transylvania, which requires a press that is independent and critical towards those in power.<\/p>\n<p>Our independence is guaranteed by the fact that we are not backed by political parties or economic interest groups. The founders of the NGO are journalists, and our budget is partly provided by international grants, and partly by donations from our readers. We publish every year a report about our income and expenditure, as well as our achievements.<\/p>\t\t\t\t\t\t<\/div>\n\t\t\t\t<\/div>\n\t\t\t\t<div class=\"elementor-element elementor-element-833d58c elementor-widget elementor-widget-html\" data-id=\"833d58c\" data-element_type=\"widget\" data-widget_type=\"html.default\">\n\t\t\t\t<div class=\"elementor-widget-container\">\n\t\t\t<p><iframe title=\"Income in 2024\" aria-label=\"Donut Chart\" id=\"datawrapper-chart-vgZ9D\" src=\"https:\/\/datawrapper.dwcdn.net\/vgZ9D\/1\/\" scrolling=\"no\" frameborder=\"0\" style=\"width: 0; min-width: 100% !important; border: none;\" height=\"747\" data-external=\"1\"><\/iframe><script type=\"text\/javascript\">!function(){\"use strict\";window.addEventListener(\"message\",(function(a){if(void 0!==a.data[\"datawrapper-height\"]){var e=document.querySelectorAll(\"iframe\");for(var t in a.data[\"datawrapper-height\"])for(var r,i=0;r=e[i];i++)if(r.contentWindow===a.source){var d=a.data[\"datawrapper-height\"][t]+\"px\";r.style.height=d}}}))}();\n<\/script><\/p>\n<br>\n<p><iframe title=\"Yearly income 2015-2024\" aria-label=\"Grouped Columns\" id=\"datawrapper-chart-PuOBI\" src=\"https:\/\/datawrapper.dwcdn.net\/PuOBI\/1\/\" scrolling=\"no\" frameborder=\"0\" style=\"width: 0; min-width: 100% !important; border: none;\" height=\"452\" data-external=\"1\"><\/iframe><script type=\"text\/javascript\">!function(){\"use strict\";window.addEventListener(\"message\",(function(a){if(void 0!==a.data[\"datawrapper-height\"]){var e=document.querySelectorAll(\"iframe\");for(var t in a.data[\"datawrapper-height\"])for(var r,i=0;r=e[i];i++)if(r.contentWindow===a.source){var d=a.data[\"datawrapper-height\"][t]+\"px\";r.style.height=d}}}))}();\n<\/script><\/p>\n<br>\n<p><iframe title=\"Expenses in 2024\" aria-label=\"Donut Chart\" id=\"datawrapper-chart-e6H8h\" src=\"https:\/\/datawrapper.dwcdn.net\/e6H8h\/1\/\" scrolling=\"no\" frameborder=\"0\" style=\"width: 0; min-width: 100% !important; border: none;\" height=\"765\" data-external=\"1\"><\/iframe><script type=\"text\/javascript\">!function(){\"use strict\";window.addEventListener(\"message\",(function(a){if(void 0!==a.data[\"datawrapper-height\"]){var e=document.querySelectorAll(\"iframe\");for(var t in a.data[\"datawrapper-height\"])for(var r,i=0;r=e[i];i++)if(r.contentWindow===a.source){var d=a.data[\"datawrapper-height\"][t]+\"px\";r.style.height=d}}}))}();\n<\/script>\n<\/script>\t\t<\/div>\n\t\t\t\t<\/div>\n\t\t\t\t\t<\/div>\n\t\t\t\t<\/div>\n\t\t\t\t\t\t\t<\/div>\n\t\t","protected":false},"excerpt":{"rendered":"<p>About Us \u00c1tl\u00e1tsz\u00f3 Erd\u00e9ly (Transparent Transylvania) is an investigative journalism outlet published by an NGO named Asociatia &#8220;Atlatszo Erdely Egyesulet&#8221; with its editorial offices in Cluj-Napoca. Our goal is to contribute to a transparent, accountable and democratic Hungarian community in Transylvania, which requires a press that is independent and critical towards those in power. Our [&hellip;]<\/p>\n","protected":false},"author":5,"featured_media":0,"parent":0,"menu_order":0,"comment_status":"closed","ping_status":"closed","template":"elementor_header_footer","meta":{"footnotes":""},"ppma_author":[2991],"yoast_head":"<!-- This site is optimized with the Yoast SEO plugin v21.5 - https:\/\/yoast.com\/wordpress\/plugins\/seo\/ -->\n<title>Transparent Transylvania&#039;s Team<\/title>\n<meta name=\"description\" content=\"Our goal is to contribute to a transparent, accountable and democratic Hungarian community in Transylvania with journalistic tools.\" \/>\n<meta name=\"robots\" content=\"index, follow, max-snippet:-1, max-image-preview:large, max-video-preview:-1\" \/>\n<link rel=\"canonical\" href=\"https:\/\/dev2.atlatszo.exot.hu\/en\/about-us\/\" \/>\n<meta property=\"og:locale\" content=\"en_US\" \/>\n<meta property=\"og:type\" content=\"article\" \/>\n<meta property=\"og:title\" content=\"Transparent Transylvania&#039;s Team\" \/>\n<meta property=\"og:description\" content=\"Our goal is to contribute to a transparent, accountable and democratic Hungarian community in Transylvania with journalistic tools.\" \/>\n<meta property=\"og:url\" content=\"https:\/\/dev2.atlatszo.exot.hu\/en\/about-us\/\" \/>\n<meta property=\"og:site_name\" content=\"\u00c1tl\u00e1tsz\u00f3 Erd\u00e9ly\" \/>\n<meta property=\"article:publisher\" content=\"https:\/\/www.facebook.com\/atlatszoerdely\/\" \/>\n<meta property=\"article:modified_time\" content=\"2025-04-16T15:37:03+00:00\" \/>\n<meta property=\"og:image\" content=\"https:\/\/atlatszo.ro\/wp-content\/uploads\/2025\/02\/DSC02155-scaled.jpg\" \/>\n<meta name=\"twitter:card\" content=\"summary_large_image\" \/>\n<meta name=\"twitter:site\" content=\"@erdely_atlatszo\" \/>\n<meta name=\"twitter:label1\" content=\"Est. reading time\" \/>\n\t<meta name=\"twitter:data1\" content=\"1 minute\" \/>\n<script type=\"application\/ld+json\" class=\"yoast-schema-graph\">{\"@context\":\"https:\/\/schema.org\",\"@graph\":[{\"@type\":\"WebPage\",\"@id\":\"https:\/\/dev2.atlatszo.exot.hu\/en\/about-us\/\",\"url\":\"https:\/\/dev2.atlatszo.exot.hu\/en\/about-us\/\",\"name\":\"Transparent Transylvania's Team\",\"isPartOf\":{\"@id\":\"https:\/\/dev2.atlatszo.exot.hu\/#website\"},\"datePublished\":\"2023-11-16T10:49:11+00:00\",\"dateModified\":\"2025-04-16T15:37:03+00:00\",\"description\":\"Our goal is to contribute to a transparent, accountable and democratic Hungarian community in Transylvania with journalistic tools.\",\"breadcrumb\":{\"@id\":\"https:\/\/dev2.atlatszo.exot.hu\/en\/about-us\/#breadcrumb\"},\"inLanguage\":\"en-US\",\"potentialAction\":[{\"@type\":\"ReadAction\",\"target\":[\"https:\/\/dev2.atlatszo.exot.hu\/en\/about-us\/\"]}]},{\"@type\":\"BreadcrumbList\",\"@id\":\"https:\/\/dev2.atlatszo.exot.hu\/en\/about-us\/#breadcrumb\",\"itemListElement\":[{\"@type\":\"ListItem\",\"position\":1,\"name\":\"Home\",\"item\":\"https:\/\/dev2.atlatszo.exot.hu\/en\/home\/\"},{\"@type\":\"ListItem\",\"position\":2,\"name\":\"About Us\"}]},{\"@type\":\"WebSite\",\"@id\":\"https:\/\/dev2.atlatszo.exot.hu\/#website\",\"url\":\"https:\/\/dev2.atlatszo.exot.hu\/\",\"name\":\"\u00c1tl\u00e1tsz\u00f3 Erd\u00e9ly\",\"description\":\"\u00c1tl\u00e1tsz\u00f3 Erd\u00e9ly\",\"publisher\":{\"@id\":\"https:\/\/dev2.atlatszo.exot.hu\/#organization\"},\"potentialAction\":[{\"@type\":\"SearchAction\",\"target\":{\"@type\":\"EntryPoint\",\"urlTemplate\":\"https:\/\/dev2.atlatszo.exot.hu\/?s={search_term_string}\"},\"query-input\":\"required name=search_term_string\"}],\"inLanguage\":\"en-US\"},{\"@type\":\"Organization\",\"@id\":\"https:\/\/dev2.atlatszo.exot.hu\/#organization\",\"name\":\"\u00c1tl\u00e1tsz\u00f3 Erd\u00e9ly\",\"url\":\"https:\/\/dev2.atlatszo.exot.hu\/\",\"logo\":{\"@type\":\"ImageObject\",\"inLanguage\":\"en-US\",\"@id\":\"https:\/\/dev2.atlatszo.exot.hu\/#\/schema\/logo\/image\/\",\"url\":\"https:\/\/atlatszo.ro\/wp-content\/uploads\/2022\/06\/logo-atlatszo.png\",\"contentUrl\":\"https:\/\/atlatszo.ro\/wp-content\/uploads\/2022\/06\/logo-atlatszo.png\",\"width\":270,\"height\":104,\"caption\":\"\u00c1tl\u00e1tsz\u00f3 Erd\u00e9ly\"},\"image\":{\"@id\":\"https:\/\/dev2.atlatszo.exot.hu\/#\/schema\/logo\/image\/\"},\"sameAs\":[\"https:\/\/www.facebook.com\/atlatszoerdely\/\",\"https:\/\/twitter.com\/erdely_atlatszo\",\"https:\/\/www.instagram.com\/atlatszo_erdely\/\",\"https:\/\/www.youtube.com\/channel\/UC6lunfqCrLA0aDAjt1--TKg\"]}]}<\/script>\n<!-- \/ Yoast SEO plugin. -->","yoast_head_json":{"title":"Transparent Transylvania's Team","description":"Our goal is to contribute to a transparent, accountable and democratic Hungarian community in Transylvania with journalistic tools.","robots":{"index":"index","follow":"follow","max-snippet":"max-snippet:-1","max-image-preview":"max-image-preview:large","max-video-preview":"max-video-preview:-1"},"canonical":"https:\/\/dev2.atlatszo.exot.hu\/en\/about-us\/","og_locale":"en_US","og_type":"article","og_title":"Transparent Transylvania's Team","og_description":"Our goal is to contribute to a transparent, accountable and democratic Hungarian community in Transylvania with journalistic tools.","og_url":"https:\/\/dev2.atlatszo.exot.hu\/en\/about-us\/","og_site_name":"\u00c1tl\u00e1tsz\u00f3 Erd\u00e9ly","article_publisher":"https:\/\/www.facebook.com\/atlatszoerdely\/","article_modified_time":"2025-04-16T15:37:03+00:00","og_image":[{"url":"https:\/\/atlatszo.ro\/wp-content\/uploads\/2025\/02\/DSC02155-scaled.jpg"}],"twitter_card":"summary_large_image","twitter_site":"@erdely_atlatszo","twitter_misc":{"Est. reading time":"1 minute"},"schema":{"@context":"https:\/\/schema.org","@graph":[{"@type":"WebPage","@id":"https:\/\/dev2.atlatszo.exot.hu\/en\/about-us\/","url":"https:\/\/dev2.atlatszo.exot.hu\/en\/about-us\/","name":"Transparent Transylvania's Team","isPartOf":{"@id":"https:\/\/dev2.atlatszo.exot.hu\/#website"},"datePublished":"2023-11-16T10:49:11+00:00","dateModified":"2025-04-16T15:37:03+00:00","description":"Our goal is to contribute to a transparent, accountable and democratic Hungarian community in Transylvania with journalistic tools.","breadcrumb":{"@id":"https:\/\/dev2.atlatszo.exot.hu\/en\/about-us\/#breadcrumb"},"inLanguage":"en-US","potentialAction":[{"@type":"ReadAction","target":["https:\/\/dev2.atlatszo.exot.hu\/en\/about-us\/"]}]},{"@type":"BreadcrumbList","@id":"https:\/\/dev2.atlatszo.exot.hu\/en\/about-us\/#breadcrumb","itemListElement":[{"@type":"ListItem","position":1,"name":"Home","item":"https:\/\/dev2.atlatszo.exot.hu\/en\/home\/"},{"@type":"ListItem","position":2,"name":"About Us"}]},{"@type":"WebSite","@id":"https:\/\/dev2.atlatszo.exot.hu\/#website","url":"https:\/\/dev2.atlatszo.exot.hu\/","name":"\u00c1tl\u00e1tsz\u00f3 Erd\u00e9ly","description":"\u00c1tl\u00e1tsz\u00f3 Erd\u00e9ly","publisher":{"@id":"https:\/\/dev2.atlatszo.exot.hu\/#organization"},"potentialAction":[{"@type":"SearchAction","target":{"@type":"EntryPoint","urlTemplate":"https:\/\/dev2.atlatszo.exot.hu\/?s={search_term_string}"},"query-input":"required name=search_term_string"}],"inLanguage":"en-US"},{"@type":"Organization","@id":"https:\/\/dev2.atlatszo.exot.hu\/#organization","name":"\u00c1tl\u00e1tsz\u00f3 Erd\u00e9ly","url":"https:\/\/dev2.atlatszo.exot.hu\/","logo":{"@type":"ImageObject","inLanguage":"en-US","@id":"https:\/\/dev2.atlatszo.exot.hu\/#\/schema\/logo\/image\/","url":"https:\/\/atlatszo.ro\/wp-content\/uploads\/2022\/06\/logo-atlatszo.png","contentUrl":"https:\/\/atlatszo.ro\/wp-content\/uploads\/2022\/06\/logo-atlatszo.png","width":270,"height":104,"caption":"\u00c1tl\u00e1tsz\u00f3 Erd\u00e9ly"},"image":{"@id":"https:\/\/dev2.atlatszo.exot.hu\/#\/schema\/logo\/image\/"},"sameAs":["https:\/\/www.facebook.com\/atlatszoerdely\/","https:\/\/twitter.com\/erdely_atlatszo","https:\/\/www.instagram.com\/atlatszo_erdely\/","https:\/\/www.youtube.com\/channel\/UC6lunfqCrLA0aDAjt1--TKg"]}]}},"_links":{"self":[{"href":"https:\/\/dev2.atlatszo.exot.hu\/en\/wp-json\/wp\/v2\/pages\/44043"}],"collection":[{"href":"https:\/\/dev2.atlatszo.exot.hu\/en\/wp-json\/wp\/v2\/pages"}],"about":[{"href":"https:\/\/dev2.atlatszo.exot.hu\/en\/wp-json\/wp\/v2\/types\/page"}],"author":[{"embeddable":true,"href":"https:\/\/dev2.atlatszo.exot.hu\/en\/wp-json\/wp\/v2\/users\/5"}],"replies":[{"embeddable":true,"href":"https:\/\/dev2.atlatszo.exot.hu\/en\/wp-json\/wp\/v2\/comments?post=44043"}],"version-history":[{"count":54,"href":"https:\/\/dev2.atlatszo.exot.hu\/en\/wp-json\/wp\/v2\/pages\/44043\/revisions"}],"predecessor-version":[{"id":54767,"href":"https:\/\/dev2.atlatszo.exot.hu\/en\/wp-json\/wp\/v2\/pages\/44043\/revisions\/54767"}],"wp:attachment":[{"href":"https:\/\/dev2.atlatszo.exot.hu\/en\/wp-json\/wp\/v2\/media?parent=44043"}],"wp:term":[{"taxonomy":"author","embeddable":true,"href":"https:\/\/dev2.atlatszo.exot.hu\/en\/wp-json\/wp\/v2\/ppma_author?post=44043"}],"curies":[{"name":"wp","href":"https:\/\/api.w.org\/{rel}","templated":true}]}}