{"id":26345,"date":"2019-03-14T12:56:37","date_gmt":"2019-03-14T12:56:37","guid":{"rendered":"http:\/\/dev2.atlatszo.exot.hu\/our-staff\/"},"modified":"2025-04-16T17:49:08","modified_gmt":"2025-04-16T15:49:08","slug":"our-staff","status":"publish","type":"page","link":"https:\/\/dev2.atlatszo.exot.hu\/en\/our-staff\/","title":{"rendered":"Our staff"},"content":{"rendered":"\t\t<div data-elementor-type=\"wp-post\" data-elementor-id=\"26345\" class=\"elementor elementor-26345 elementor-7784\">\n\t\t\t\t\t\t\t<div class=\"elementor-element elementor-element-91ff906 e-flex e-con-boxed e-con e-parent\" data-id=\"91ff906\" data-element_type=\"container\" data-settings=\"{&quot;content_width&quot;:&quot;boxed&quot;}\" data-core-v316-plus=\"true\">\n\t\t\t\t\t<div class=\"e-con-inner\">\n\t\t\t\t<div class=\"elementor-element elementor-element-50e0e03 elementor-widget elementor-widget-heading\" data-id=\"50e0e03\" data-element_type=\"widget\" data-widget_type=\"heading.default\">\n\t\t\t\t<div class=\"elementor-widget-container\">\n\t\t\t<h2 class=\"elementor-heading-title elementor-size-default\">Our staff<\/h2>\t\t<\/div>\n\t\t\t\t<\/div>\n\t\t\t\t\t<\/div>\n\t\t\t\t<\/div>\n\t\t<div class=\"elementor-element elementor-element-b8dbeab e-flex e-con-boxed e-con e-parent\" data-id=\"b8dbeab\" data-element_type=\"container\" data-settings=\"{&quot;content_width&quot;:&quot;boxed&quot;}\" data-core-v316-plus=\"true\">\n\t\t\t\t\t<div class=\"e-con-inner\">\n\t\t<div class=\"elementor-element elementor-element-dd11541 e-con-full e-flex e-con e-child\" data-id=\"dd11541\" data-element_type=\"container\" data-settings=\"{&quot;content_width&quot;:&quot;full&quot;}\">\n\t\t\t\t<div class=\"elementor-element elementor-element-0777c50 elementor-widget elementor-widget-heading\" data-id=\"0777c50\" data-element_type=\"widget\" data-widget_type=\"heading.default\">\n\t\t\t\t<div class=\"elementor-widget-container\">\n\t\t\t<h5 class=\"elementor-heading-title elementor-size-default\">Editorial team:<\/h5>\t\t<\/div>\n\t\t\t\t<\/div>\n\t\t\t\t<div class=\"elementor-element elementor-element-a099742 elementor-widget elementor-widget-text-editor\" data-id=\"a099742\" data-element_type=\"widget\" data-widget_type=\"text-editor.default\">\n\t\t\t\t<div class=\"elementor-widget-container\">\n\t\t\t\t\t\t\t<p><a href=\"mailto:boczheni@atlatszo.ro\">Bocz Henrietta<\/a>, journalist<\/p><p><a href=\"mailto:kulcsararpi@atlatszo.ro\"><span style=\"font-weight: 400;\">Kulcs\u00e1r \u00c1rp\u00e1d<\/span><\/a>, journalist<\/p><p><a href=\"editeva@atlatszo.ro\">Edit \u00c9va P\u00e1l<\/a>, editor<\/p><p><a href=\"mailto:szabotunde@atlatszo.ro\"><span style=\"font-weight: 400;\">Szab\u00f3 T\u00fcnde<\/span><\/a><span style=\"font-weight: 400;\">, editor<\/span><\/p><p><a href=\"mailto:sipos@atlatszo.ro\"><span style=\"font-weight: 400;\">Sipos Zolt\u00e1n<\/span><\/a><span style=\"font-weight: 400;\">, editor-in-chief<\/span><\/p><p><span style=\"font-weight: 400;\">Czintos Emese, administrative assistant<\/span><\/p><p><span style=\"font-weight: 400;\">Our editorial principles<\/span> <a href=\"https:\/\/atlatszo.ro\/igy-dolgozunk\/\"><span style=\"font-weight: 400;\">can be accessed here<\/span><\/a><span style=\"font-weight: 400;\">, and the editorial process is<\/span> <a href=\"https:\/\/www.jti-app.com\/report\/AEYXxVLQ8PeG7gpM\"><span style=\"font-weight: 400;\">certified by the Journalism Trust Initiative (JTI)<\/span><\/a><span style=\"font-weight: 400;\">.<\/span><\/p>\t\t\t\t\t\t<\/div>\n\t\t\t\t<\/div>\n\t\t\t\t<div class=\"elementor-element elementor-element-af1bd5c elementor-widget elementor-widget-heading\" data-id=\"af1bd5c\" data-element_type=\"widget\" data-widget_type=\"heading.default\">\n\t\t\t\t<div class=\"elementor-widget-container\">\n\t\t\t<h5 class=\"elementor-heading-title elementor-size-default\">Publisher:<\/h5>\t\t<\/div>\n\t\t\t\t<\/div>\n\t\t\t\t<div class=\"elementor-element elementor-element-e00237f elementor-widget elementor-widget-text-editor\" data-id=\"e00237f\" data-element_type=\"widget\" data-widget_type=\"text-editor.default\">\n\t\t\t\t<div class=\"elementor-widget-container\">\n\t\t\t\t\t\t\t<p><span style=\"font-weight: 400;\">\u00c1tl\u00e1tsz\u00f3 Erd\u00e9ly is published by Asocia\u0163ia \u201cAtlatszo Erdely Egyesulet\u201d, an association established with the ruling no. 14314\/CC\/2014 by the Cluj-Napoca Court. Board of directors: Zolt\u00e1n Egyed Uf\u00f3, T\u00fcnde Szab\u00f3, Zolt\u00e1n Sipos. The president of the association is Zolt\u00e1n Sipos.<\/span><\/p>\t\t\t\t\t\t<\/div>\n\t\t\t\t<\/div>\n\t\t\t\t<div class=\"elementor-element elementor-element-8667e44 elementor-widget elementor-widget-heading\" data-id=\"8667e44\" data-element_type=\"widget\" data-widget_type=\"heading.default\">\n\t\t\t\t<div class=\"elementor-widget-container\">\n\t\t\t<h5 class=\"elementor-heading-title elementor-size-default\">Financial information of the publisher:<\/h5>\t\t<\/div>\n\t\t\t\t<\/div>\n\t\t\t\t<div class=\"elementor-element elementor-element-4ca0187 elementor-widget elementor-widget-text-editor\" data-id=\"4ca0187\" data-element_type=\"widget\" data-widget_type=\"text-editor.default\">\n\t\t\t\t<div class=\"elementor-widget-container\">\n\t\t\t\t\t\t\t<p><span style=\"font-weight: 400;\">Asocia\u0163ia \u201cAtlatszo Erdely Egyesulet\u201d<\/span><\/p><p><span style=\"font-weight: 400;\">Tax number (CIF): 33978083<\/span><\/p><p><span style=\"font-weight: 400;\">IBAN: <span class=\"elementor-heading-title elementor-size-default\">RO16BTRLRONCRT0T0DF03101<\/span><\/span><\/p><p><span class=\"elementor-heading-title elementor-size-default\">BANCA TRANSILVANIA, SUCURSALA CLUJ <\/span><\/p><p><span style=\"font-weight: 400;\">Swift code: <span class=\"elementor-heading-title elementor-size-default\">BTRLRO22<\/span><br \/><\/span><\/p>\t\t\t\t\t\t<\/div>\n\t\t\t\t<\/div>\n\t\t\t\t<div class=\"elementor-element elementor-element-60c3dd4 elementor-widget elementor-widget-heading\" data-id=\"60c3dd4\" data-element_type=\"widget\" data-widget_type=\"heading.default\">\n\t\t\t\t<div class=\"elementor-widget-container\">\n\t\t\t<h5 class=\"elementor-heading-title elementor-size-default\">Our partner in Hungary:<\/h5>\t\t<\/div>\n\t\t\t\t<\/div>\n\t\t\t\t<div class=\"elementor-element elementor-element-4f0ca79 elementor-widget elementor-widget-text-editor\" data-id=\"4f0ca79\" data-element_type=\"widget\" data-widget_type=\"text-editor.default\">\n\t\t\t\t<div class=\"elementor-widget-container\">\n\t\t\t\t\t\t\t<p><a href=\"https:\/\/atlatszo.hu\/\">\u00c1tl\u00e1tsz\u00f3<\/a><\/p>\t\t\t\t\t\t<\/div>\n\t\t\t\t<\/div>\n\t\t\t\t<div class=\"elementor-element elementor-element-684ed10 elementor-widget elementor-widget-heading\" data-id=\"684ed10\" data-element_type=\"widget\" data-widget_type=\"heading.default\">\n\t\t\t\t<div class=\"elementor-widget-container\">\n\t\t\t<h5 class=\"elementor-heading-title elementor-size-default\">Our partner in Rom\u00e2nia:<\/h5>\t\t<\/div>\n\t\t\t\t<\/div>\n\t\t\t\t<div class=\"elementor-element elementor-element-c10fe00 elementor-widget elementor-widget-text-editor\" data-id=\"c10fe00\" data-element_type=\"widget\" data-widget_type=\"text-editor.default\">\n\t\t\t\t<div class=\"elementor-widget-container\">\n\t\t\t\t\t\t\t<p><a href=\"https:\/\/www.presshub.ro\/\">Presshub<\/a><\/p>\t\t\t\t\t\t<\/div>\n\t\t\t\t<\/div>\n\t\t\t\t<div class=\"elementor-element elementor-element-e7364c1 elementor-widget elementor-widget-heading\" data-id=\"e7364c1\" data-element_type=\"widget\" data-widget_type=\"heading.default\">\n\t\t\t\t<div class=\"elementor-widget-container\">\n\t\t\t<h5 class=\"elementor-heading-title elementor-size-default\">We are members of these international organizations:<\/h5>\t\t<\/div>\n\t\t\t\t<\/div>\n\t\t\t\t<div class=\"elementor-element elementor-element-61da34a elementor-widget elementor-widget-text-editor\" data-id=\"61da34a\" data-element_type=\"widget\" data-widget_type=\"text-editor.default\">\n\t\t\t\t<div class=\"elementor-widget-container\">\n\t\t\t\t\t\t\t<p><a style=\"text-align: var(--text-align);\" href=\"https:\/\/gijn.org\/\" target=\"_blank\" rel=\"noopener\">Global Investigative Journalism Network (GIJN)<\/a><\/p><p><a href=\"https:\/\/www.occrp.org\/en\"><span style=\"text-align: var(--text-align);\">Organized Crime and Corruption Reporting Project (OCCRP)<\/span><\/a><\/p><p><a href=\"https:\/\/referencecircle.eu\/\">Reference Circle<\/a><\/p>\t\t\t\t\t\t<\/div>\n\t\t\t\t<\/div>\n\t\t\t\t<div class=\"elementor-element elementor-element-c0956d6 elementor-widget elementor-widget-heading\" data-id=\"c0956d6\" data-element_type=\"widget\" data-widget_type=\"heading.default\">\n\t\t\t\t<div class=\"elementor-widget-container\">\n\t\t\t<h2 class=\"elementor-heading-title elementor-size-default\">Contact:<\/h2>\t\t<\/div>\n\t\t\t\t<\/div>\n\t\t\t\t<div class=\"elementor-element elementor-element-c77993b elementor-widget elementor-widget-text-editor\" data-id=\"c77993b\" data-element_type=\"widget\" data-widget_type=\"text-editor.default\">\n\t\t\t\t<div class=\"elementor-widget-container\">\n\t\t\t\t\t\t\t<p><a href=\"mailto:erdely@atlatszo.ro\">erdely@atlatszo.ro<\/a><br \/><br \/><a href=\"https:\/\/www.facebook.com\/atlatszoerdely\/\">Facebook<\/a><br \/><br \/><\/p>\t\t\t\t\t\t<\/div>\n\t\t\t\t<\/div>\n\t\t\t\t<\/div>\n\t\t\t\t\t<\/div>\n\t\t\t\t<\/div>\n\t\t<div class=\"elementor-element elementor-element-9146163 e-flex e-con-boxed e-con e-parent\" data-id=\"9146163\" data-element_type=\"container\" data-settings=\"{&quot;content_width&quot;:&quot;boxed&quot;}\" data-core-v316-plus=\"true\">\n\t\t\t\t\t<div class=\"e-con-inner\">\n\t\t<div class=\"elementor-element elementor-element-2cc548d e-con-full donate-horizontal-section e-flex e-con e-child\" data-id=\"2cc548d\" data-element_type=\"container\" data-settings=\"{&quot;content_width&quot;:&quot;full&quot;,&quot;background_background&quot;:&quot;classic&quot;}\">\n\t\t<div class=\"elementor-element elementor-element-cb97dce e-con-full e-flex e-con e-child\" data-id=\"cb97dce\" data-element_type=\"container\" data-settings=\"{&quot;content_width&quot;:&quot;full&quot;}\">\n\t\t\t\t<div class=\"elementor-element elementor-element-a888ce9 elementor-widget elementor-widget-image\" data-id=\"a888ce9\" data-element_type=\"widget\" data-widget_type=\"image.default\">\n\t\t\t\t<div class=\"elementor-widget-container\">\n\t\t\t\t\t\t\t\t\t\t\t\t\t\t\t<img decoding=\"async\" src=\"https:\/\/dev2.atlatszo.exot.hu\/wp-content\/uploads\/2023\/11\/heart-icon-1.svg\" title=\"heart-icon.svg\" alt=\"heart-icon.svg\" loading=\"lazy\" \/>\t\t\t\t\t\t\t\t\t\t\t\t\t\t\t<\/div>\n\t\t\t\t<\/div>\n\t\t\t\t<\/div>\n\t\t<div class=\"elementor-element elementor-element-5b1ffa7 e-con-full e-flex e-con e-child\" data-id=\"5b1ffa7\" data-element_type=\"container\" data-settings=\"{&quot;content_width&quot;:&quot;full&quot;}\">\n\t\t\t\t<div class=\"elementor-element elementor-element-de3bce5 elementor-widget__width-initial elementor-widget elementor-widget-heading\" data-id=\"de3bce5\" data-element_type=\"widget\" data-widget_type=\"heading.default\">\n\t\t\t\t<div class=\"elementor-widget-container\">\n\t\t\t<h2 class=\"elementor-heading-title elementor-size-default\">There is no independent journalism without you!<\/h2>\t\t<\/div>\n\t\t\t\t<\/div>\n\t\t\t\t<div class=\"elementor-element elementor-element-9d96763 elementor-widget elementor-widget-text-editor\" data-id=\"9d96763\" data-element_type=\"widget\" data-widget_type=\"text-editor.default\">\n\t\t\t\t<div class=\"elementor-widget-container\">\n\t\t\t\t\t\t\t<p>Please support our work.<\/p>\t\t\t\t\t\t<\/div>\n\t\t\t\t<\/div>\n\t\t\t\t<\/div>\n\t\t<div class=\"elementor-element elementor-element-74f9726 e-con-full e-flex e-con e-child\" data-id=\"74f9726\" data-element_type=\"container\" data-settings=\"{&quot;content_width&quot;:&quot;full&quot;}\">\n\t\t\t\t<div class=\"elementor-element elementor-element-b90448a elementor-align-right btn-elementor elementor-widget-mobile__width-inherit elementor-widget elementor-widget-button\" data-id=\"b90448a\" data-element_type=\"widget\" data-widget_type=\"button.default\">\n\t\t\t\t<div class=\"elementor-widget-container\">\n\t\t\t\t\t<div class=\"elementor-button-wrapper\">\n\t\t\t<a class=\"elementor-button elementor-button-link elementor-size-md\" href=\"http:\/\/dev2.atlatszo.exot.hu\/en\/donate\/\">\n\t\t\t\t\t\t<span class=\"elementor-button-content-wrapper\">\n\t\t\t\t\t\t<span class=\"elementor-button-text\">Donate<\/span>\n\t\t<\/span>\n\t\t\t\t\t<\/a>\n\t\t<\/div>\n\t\t\t\t<\/div>\n\t\t\t\t<\/div>\n\t\t\t\t<\/div>\n\t\t\t\t<\/div>\n\t\t<div class=\"elementor-element elementor-element-4aff010 e-con-full elementor-hidden-mobile e-flex e-con e-child\" data-id=\"4aff010\" data-element_type=\"container\" data-settings=\"{&quot;content_width&quot;:&quot;full&quot;}\">\n\t\t\t\t<\/div>\n\t\t\t\t\t<\/div>\n\t\t\t\t<\/div>\n\t\t\t\t\t\t\t<\/div>\n\t\t","protected":false},"excerpt":{"rendered":"<p>Our staff Editorial team: Bocz Henrietta, journalist Kulcs\u00e1r \u00c1rp\u00e1d, journalist Edit \u00c9va P\u00e1l, editor Szab\u00f3 T\u00fcnde, editor Sipos Zolt\u00e1n, editor-in-chief Czintos Emese, administrative assistant Our editorial principles can be accessed here, and the editorial process is certified by the Journalism Trust Initiative (JTI). Publisher: \u00c1tl\u00e1tsz\u00f3 Erd\u00e9ly is published by Asocia\u0163ia \u201cAtlatszo Erdely Egyesulet\u201d, an association [&hellip;]<\/p>\n","protected":false},"author":5,"featured_media":0,"parent":0,"menu_order":0,"comment_status":"closed","ping_status":"closed","template":"elementor_header_footer","meta":{"footnotes":""},"ppma_author":[2991],"yoast_head":"<!-- This site is optimized with the Yoast SEO plugin v21.5 - https:\/\/yoast.com\/wordpress\/plugins\/seo\/ -->\n<title>Our staff - \u00c1tl\u00e1tsz\u00f3 Erd\u00e9ly<\/title>\n<meta name=\"description\" content=\"Editorial team:\" \/>\n<meta name=\"robots\" content=\"index, follow, max-snippet:-1, max-image-preview:large, max-video-preview:-1\" \/>\n<link rel=\"canonical\" href=\"https:\/\/dev2.atlatszo.exot.hu\/en\/our-staff\/\" \/>\n<meta property=\"og:locale\" content=\"en_US\" \/>\n<meta property=\"og:type\" content=\"article\" \/>\n<meta property=\"og:title\" content=\"Our staff - \u00c1tl\u00e1tsz\u00f3 Erd\u00e9ly\" \/>\n<meta property=\"og:description\" content=\"Editorial team:\" \/>\n<meta property=\"og:url\" content=\"https:\/\/dev2.atlatszo.exot.hu\/en\/our-staff\/\" \/>\n<meta property=\"og:site_name\" content=\"\u00c1tl\u00e1tsz\u00f3 Erd\u00e9ly\" \/>\n<meta property=\"article:publisher\" content=\"https:\/\/www.facebook.com\/atlatszoerdely\/\" \/>\n<meta property=\"article:modified_time\" content=\"2025-04-16T15:49:08+00:00\" \/>\n<meta property=\"og:image\" content=\"https:\/\/atlatszo.ro\/wp-content\/uploads\/2023\/11\/heart-icon-1.svg\" \/>\n<meta name=\"twitter:card\" content=\"summary_large_image\" \/>\n<meta name=\"twitter:site\" content=\"@erdely_atlatszo\" \/>\n<meta name=\"twitter:label1\" content=\"Est. reading time\" \/>\n\t<meta name=\"twitter:data1\" content=\"1 minute\" \/>\n<script type=\"application\/ld+json\" class=\"yoast-schema-graph\">{\"@context\":\"https:\/\/schema.org\",\"@graph\":[{\"@type\":\"WebPage\",\"@id\":\"https:\/\/dev2.atlatszo.exot.hu\/en\/our-staff\/\",\"url\":\"https:\/\/dev2.atlatszo.exot.hu\/en\/our-staff\/\",\"name\":\"Our staff - \u00c1tl\u00e1tsz\u00f3 Erd\u00e9ly\",\"isPartOf\":{\"@id\":\"https:\/\/dev2.atlatszo.exot.hu\/#website\"},\"datePublished\":\"2019-03-14T12:56:37+00:00\",\"dateModified\":\"2025-04-16T15:49:08+00:00\",\"description\":\"Editorial team:\",\"breadcrumb\":{\"@id\":\"https:\/\/dev2.atlatszo.exot.hu\/en\/our-staff\/#breadcrumb\"},\"inLanguage\":\"en-US\",\"potentialAction\":[{\"@type\":\"ReadAction\",\"target\":[\"https:\/\/dev2.atlatszo.exot.hu\/en\/our-staff\/\"]}]},{\"@type\":\"BreadcrumbList\",\"@id\":\"https:\/\/dev2.atlatszo.exot.hu\/en\/our-staff\/#breadcrumb\",\"itemListElement\":[{\"@type\":\"ListItem\",\"position\":1,\"name\":\"Home\",\"item\":\"https:\/\/dev2.atlatszo.exot.hu\/en\/home\/\"},{\"@type\":\"ListItem\",\"position\":2,\"name\":\"Our staff\"}]},{\"@type\":\"WebSite\",\"@id\":\"https:\/\/dev2.atlatszo.exot.hu\/#website\",\"url\":\"https:\/\/dev2.atlatszo.exot.hu\/\",\"name\":\"\u00c1tl\u00e1tsz\u00f3 Erd\u00e9ly\",\"description\":\"\u00c1tl\u00e1tsz\u00f3 Erd\u00e9ly\",\"publisher\":{\"@id\":\"https:\/\/dev2.atlatszo.exot.hu\/#organization\"},\"potentialAction\":[{\"@type\":\"SearchAction\",\"target\":{\"@type\":\"EntryPoint\",\"urlTemplate\":\"https:\/\/dev2.atlatszo.exot.hu\/?s={search_term_string}\"},\"query-input\":\"required name=search_term_string\"}],\"inLanguage\":\"en-US\"},{\"@type\":\"Organization\",\"@id\":\"https:\/\/dev2.atlatszo.exot.hu\/#organization\",\"name\":\"\u00c1tl\u00e1tsz\u00f3 Erd\u00e9ly\",\"url\":\"https:\/\/dev2.atlatszo.exot.hu\/\",\"logo\":{\"@type\":\"ImageObject\",\"inLanguage\":\"en-US\",\"@id\":\"https:\/\/dev2.atlatszo.exot.hu\/#\/schema\/logo\/image\/\",\"url\":\"https:\/\/atlatszo.ro\/wp-content\/uploads\/2022\/06\/logo-atlatszo.png\",\"contentUrl\":\"https:\/\/atlatszo.ro\/wp-content\/uploads\/2022\/06\/logo-atlatszo.png\",\"width\":270,\"height\":104,\"caption\":\"\u00c1tl\u00e1tsz\u00f3 Erd\u00e9ly\"},\"image\":{\"@id\":\"https:\/\/dev2.atlatszo.exot.hu\/#\/schema\/logo\/image\/\"},\"sameAs\":[\"https:\/\/www.facebook.com\/atlatszoerdely\/\",\"https:\/\/twitter.com\/erdely_atlatszo\",\"https:\/\/www.instagram.com\/atlatszo_erdely\/\",\"https:\/\/www.youtube.com\/channel\/UC6lunfqCrLA0aDAjt1--TKg\"]}]}<\/script>\n<!-- \/ Yoast SEO plugin. -->","yoast_head_json":{"title":"Our staff - \u00c1tl\u00e1tsz\u00f3 Erd\u00e9ly","description":"Editorial team:","robots":{"index":"index","follow":"follow","max-snippet":"max-snippet:-1","max-image-preview":"max-image-preview:large","max-video-preview":"max-video-preview:-1"},"canonical":"https:\/\/dev2.atlatszo.exot.hu\/en\/our-staff\/","og_locale":"en_US","og_type":"article","og_title":"Our staff - \u00c1tl\u00e1tsz\u00f3 Erd\u00e9ly","og_description":"Editorial team:","og_url":"https:\/\/dev2.atlatszo.exot.hu\/en\/our-staff\/","og_site_name":"\u00c1tl\u00e1tsz\u00f3 Erd\u00e9ly","article_publisher":"https:\/\/www.facebook.com\/atlatszoerdely\/","article_modified_time":"2025-04-16T15:49:08+00:00","og_image":[{"url":"https:\/\/atlatszo.ro\/wp-content\/uploads\/2023\/11\/heart-icon-1.svg"}],"twitter_card":"summary_large_image","twitter_site":"@erdely_atlatszo","twitter_misc":{"Est. reading time":"1 minute"},"schema":{"@context":"https:\/\/schema.org","@graph":[{"@type":"WebPage","@id":"https:\/\/dev2.atlatszo.exot.hu\/en\/our-staff\/","url":"https:\/\/dev2.atlatszo.exot.hu\/en\/our-staff\/","name":"Our staff - \u00c1tl\u00e1tsz\u00f3 Erd\u00e9ly","isPartOf":{"@id":"https:\/\/dev2.atlatszo.exot.hu\/#website"},"datePublished":"2019-03-14T12:56:37+00:00","dateModified":"2025-04-16T15:49:08+00:00","description":"Editorial team:","breadcrumb":{"@id":"https:\/\/dev2.atlatszo.exot.hu\/en\/our-staff\/#breadcrumb"},"inLanguage":"en-US","potentialAction":[{"@type":"ReadAction","target":["https:\/\/dev2.atlatszo.exot.hu\/en\/our-staff\/"]}]},{"@type":"BreadcrumbList","@id":"https:\/\/dev2.atlatszo.exot.hu\/en\/our-staff\/#breadcrumb","itemListElement":[{"@type":"ListItem","position":1,"name":"Home","item":"https:\/\/dev2.atlatszo.exot.hu\/en\/home\/"},{"@type":"ListItem","position":2,"name":"Our staff"}]},{"@type":"WebSite","@id":"https:\/\/dev2.atlatszo.exot.hu\/#website","url":"https:\/\/dev2.atlatszo.exot.hu\/","name":"\u00c1tl\u00e1tsz\u00f3 Erd\u00e9ly","description":"\u00c1tl\u00e1tsz\u00f3 Erd\u00e9ly","publisher":{"@id":"https:\/\/dev2.atlatszo.exot.hu\/#organization"},"potentialAction":[{"@type":"SearchAction","target":{"@type":"EntryPoint","urlTemplate":"https:\/\/dev2.atlatszo.exot.hu\/?s={search_term_string}"},"query-input":"required name=search_term_string"}],"inLanguage":"en-US"},{"@type":"Organization","@id":"https:\/\/dev2.atlatszo.exot.hu\/#organization","name":"\u00c1tl\u00e1tsz\u00f3 Erd\u00e9ly","url":"https:\/\/dev2.atlatszo.exot.hu\/","logo":{"@type":"ImageObject","inLanguage":"en-US","@id":"https:\/\/dev2.atlatszo.exot.hu\/#\/schema\/logo\/image\/","url":"https:\/\/atlatszo.ro\/wp-content\/uploads\/2022\/06\/logo-atlatszo.png","contentUrl":"https:\/\/atlatszo.ro\/wp-content\/uploads\/2022\/06\/logo-atlatszo.png","width":270,"height":104,"caption":"\u00c1tl\u00e1tsz\u00f3 Erd\u00e9ly"},"image":{"@id":"https:\/\/dev2.atlatszo.exot.hu\/#\/schema\/logo\/image\/"},"sameAs":["https:\/\/www.facebook.com\/atlatszoerdely\/","https:\/\/twitter.com\/erdely_atlatszo","https:\/\/www.instagram.com\/atlatszo_erdely\/","https:\/\/www.youtube.com\/channel\/UC6lunfqCrLA0aDAjt1--TKg"]}]}},"_links":{"self":[{"href":"https:\/\/dev2.atlatszo.exot.hu\/en\/wp-json\/wp\/v2\/pages\/26345"}],"collection":[{"href":"https:\/\/dev2.atlatszo.exot.hu\/en\/wp-json\/wp\/v2\/pages"}],"about":[{"href":"https:\/\/dev2.atlatszo.exot.hu\/en\/wp-json\/wp\/v2\/types\/page"}],"author":[{"embeddable":true,"href":"https:\/\/dev2.atlatszo.exot.hu\/en\/wp-json\/wp\/v2\/users\/5"}],"replies":[{"embeddable":true,"href":"https:\/\/dev2.atlatszo.exot.hu\/en\/wp-json\/wp\/v2\/comments?post=26345"}],"version-history":[{"count":38,"href":"https:\/\/dev2.atlatszo.exot.hu\/en\/wp-json\/wp\/v2\/pages\/26345\/revisions"}],"predecessor-version":[{"id":54776,"href":"https:\/\/dev2.atlatszo.exot.hu\/en\/wp-json\/wp\/v2\/pages\/26345\/revisions\/54776"}],"wp:attachment":[{"href":"https:\/\/dev2.atlatszo.exot.hu\/en\/wp-json\/wp\/v2\/media?parent=26345"}],"wp:term":[{"taxonomy":"author","embeddable":true,"href":"https:\/\/dev2.atlatszo.exot.hu\/en\/wp-json\/wp\/v2\/ppma_author?post=26345"}],"curies":[{"name":"wp","href":"https:\/\/api.w.org\/{rel}","templated":true}]}}